{"id":23466,"date":"2025-08-13T17:01:36","date_gmt":"2025-08-13T16:01:36","guid":{"rendered":"https:\/\/www.repricerexpress.com\/erklaerung-zur-zugaenglichkeit\/"},"modified":"2025-08-19T15:17:26","modified_gmt":"2025-08-19T14:17:26","slug":"erklaerung-zur-zugaenglichkeit","status":"publish","type":"page","link":"https:\/\/www.repricerexpress.com\/de\/erklaerung-zur-zugaenglichkeit\/","title":{"rendered":"Erkl\u00e4rung zur Zug\u00e4nglichkeit"},"content":{"rendered":"\n<p><a href=\"https:\/\/www.repricerexpress.com\/de\/\">Repricerexpress.com<\/a> verpflichtet sich, die digitale Zug\u00e4nglichkeit f\u00fcr alle Benutzer, einschlie\u00dflich Menschen mit Behinderungen, zu gew\u00e4hrleisten. Wir arbeiten kontinuierlich an der Verbesserung der Benutzerfreundlichkeit f\u00fcr alle und an der Anwendung relevanter Zug\u00e4nglichkeitsstandards. <\/p>\n\n<h2 class=\"wp-block-heading\">Ma\u00dfnahmen zur Unterst\u00fctzung der Barrierefreiheit<\/h2>\n\n<p>Wir ergreifen die folgenden Ma\u00dfnahmen, um die Zug\u00e4nglichkeit von<a href=\"https:\/\/www.repricerexpress.com\/de\/\"> Repricerexpress.com<\/a> zu gew\u00e4hrleisten:  <\/p>\n\n<ul class=\"wp-block-list\">\n<li>Barrierefreiheit als Teil unserer Mission und Entwicklungspraktiken einbeziehen<\/li>\n\n\n\n<li>Verwenden Sie semantisches HTML und eine korrekte \u00dcberschriftenstruktur<\/li>\n\n\n\n<li>Optimieren Sie die Website-Navigation f\u00fcr Tastaturbenutzer<\/li>\n\n\n\n<li>F\u00fchren Sie regelm\u00e4\u00dfig Audits und Tests zur Barrierefreiheit durch<\/li>\n\n\n\n<li>Bieten Sie Textalternativen f\u00fcr alle Nicht-Text-Inhalte an<\/li>\n<\/ul>\n\n<h2 class=\"wp-block-heading\">Konformit\u00e4tsstatus<\/h2>\n\n<p>Unser Ziel ist es, die<strong> Web Content Accessibility Guidelines (WCAG) 2.1 Level AA<\/strong> zu erf\u00fcllen. Wir arbeiten aktiv daran, diese Standards auf allen Seiten und Merkmalen der Website zu erf\u00fcllen. <\/p>\n\n<h2 class=\"wp-block-heading\">Tests und Tools<\/h2>\n\n<p>Wir verwenden regelm\u00e4\u00dfig Tools wie:<\/p>\n\n<ul class=\"wp-block-list\">\n<li>Bericht \u00fcber die Zug\u00e4nglichkeit des Leuchtturms<\/li>\n\n\n\n<li>Axe Accessibility Checker<\/li>\n\n\n\n<li>Bildschirmleser wie NVDA und VoiceOver, um Probleme mit der Barrierefreiheit zu erkennen und zu beheben.<\/li>\n<\/ul>\n\n<h2 class=\"wp-block-heading\">Feedback<\/h2>\n\n<p>Wir freuen uns \u00fcber Ihr Feedback zur Zug\u00e4nglichkeit von <a href=\"https:\/\/www.repricerexpress.com\/de\/\">Repricerexpress.com<\/a>. Wenn Sie auf Barrieren sto\u00dfen, lassen Sie es uns bitte wissen: <\/p>\n\n<p>E-Mail: <a href=\"mailto:support@repricer.com\">support@repricer.com<\/a><\/p>\n\n<p>Telefon:<a href=\"tel:+35316856340\"> +353 1 685 6340<\/a><\/p>\n\n<p>Wir bem\u00fchen uns, innerhalb von 2-3 Werktagen auf Ihr Feedback zur Erreichbarkeit zu antworten.<\/p>\n\n<h3 class=\"wp-block-heading\">Erkl\u00e4rung aktualisiert<\/h3>\n\n<p>Diese Zug\u00e4nglichkeitserkl\u00e4rung wurde zuletzt aktualisiert am: 21. Juli 2025<\/p>\n","protected":false},"excerpt":{"rendered":"<p>Repricerexpress.com verpflichtet sich, die digitale Zug\u00e4nglichkeit f\u00fcr alle Benutzer, einschlie\u00dflich Menschen mit Behinderungen, zu gew\u00e4hrleisten. Wir arbeiten kontinuierlich an der Verbesserung der Benutzerfreundlichkeit f\u00fcr alle und an der Anwendung relevanter Zug\u00e4nglichkeitsstandards. Ma\u00dfnahmen zur Unterst\u00fctzung der Barrierefreiheit Wir ergreifen die folgenden Ma\u00dfnahmen, um die Zug\u00e4nglichkeit von Repricerexpress.com zu gew\u00e4hrleisten: Konformit\u00e4tsstatus Unser Ziel ist es, die Web [&hellip;]<\/p>\n","protected":false},"author":4475,"featured_media":0,"parent":0,"menu_order":0,"comment_status":"closed","ping_status":"closed","template":"","meta":{"footnotes":""},"class_list":["post-23466","page","type-page","status-publish","hentry"],"yoast_head":"<!-- This site is optimized with the Yoast SEO plugin v27.3 - https:\/\/yoast.com\/product\/yoast-seo-wordpress\/ -->\n<title>Erkl\u00e4rung zur Zug\u00e4nglichkeit - RepricerExpress<\/title>\n<meta name=\"description\" content=\"RepricerExpress setzt sich f\u00fcr die digitale Barrierefreiheit ein. Lesen Sie unsere Erkl\u00e4rung zur Barrierefreiheit, um mehr \u00fcber unser Engagement zu erfahren.\" \/>\n<meta name=\"robots\" content=\"index, follow, max-snippet:-1, max-image-preview:large, max-video-preview:-1\" \/>\n<link rel=\"canonical\" href=\"https:\/\/www.repricerexpress.com\/de\/erklaerung-zur-zugaenglichkeit\/\" \/>\n<meta property=\"og:locale\" content=\"de_DE\" \/>\n<meta property=\"og:type\" content=\"article\" \/>\n<meta property=\"og:title\" content=\"Erkl\u00e4rung zur Zug\u00e4nglichkeit - RepricerExpress\" \/>\n<meta property=\"og:description\" content=\"RepricerExpress setzt sich f\u00fcr die digitale Barrierefreiheit ein. Lesen Sie unsere Erkl\u00e4rung zur Barrierefreiheit, um mehr \u00fcber unser Engagement zu erfahren.\" \/>\n<meta property=\"og:url\" content=\"https:\/\/www.repricerexpress.com\/de\/erklaerung-zur-zugaenglichkeit\/\" \/>\n<meta property=\"og:site_name\" content=\"RepricerExpress\" \/>\n<meta property=\"article:publisher\" content=\"https:\/\/www.facebook.com\/repricerexpress\" \/>\n<meta property=\"article:modified_time\" content=\"2025-08-19T14:17:26+00:00\" \/>\n<meta name=\"twitter:label1\" content=\"Gesch\u00e4tzte Lesezeit\" \/>\n\t<meta name=\"twitter:data1\" content=\"1\u00a0Minute\" \/>\n<script type=\"application\/ld+json\" class=\"yoast-schema-graph\">{\"@context\":\"https:\\\/\\\/schema.org\",\"@graph\":[{\"@type\":\"WebPage\",\"@id\":\"https:\\\/\\\/www.repricerexpress.com\\\/de\\\/erklaerung-zur-zugaenglichkeit\\\/\",\"url\":\"https:\\\/\\\/www.repricerexpress.com\\\/de\\\/erklaerung-zur-zugaenglichkeit\\\/\",\"name\":\"Erkl\u00e4rung zur Zug\u00e4nglichkeit - RepricerExpress\",\"isPartOf\":{\"@id\":\"https:\\\/\\\/www.repricerexpress.com\\\/de\\\/#website\"},\"datePublished\":\"2025-08-13T16:01:36+00:00\",\"dateModified\":\"2025-08-19T14:17:26+00:00\",\"description\":\"RepricerExpress setzt sich f\u00fcr die digitale Barrierefreiheit ein. Lesen Sie unsere Erkl\u00e4rung zur Barrierefreiheit, um mehr \u00fcber unser Engagement zu erfahren.\",\"breadcrumb\":{\"@id\":\"https:\\\/\\\/www.repricerexpress.com\\\/de\\\/erklaerung-zur-zugaenglichkeit\\\/#breadcrumb\"},\"inLanguage\":\"de\",\"potentialAction\":[{\"@type\":\"ReadAction\",\"target\":[\"https:\\\/\\\/www.repricerexpress.com\\\/de\\\/erklaerung-zur-zugaenglichkeit\\\/\"]}]},{\"@type\":\"BreadcrumbList\",\"@id\":\"https:\\\/\\\/www.repricerexpress.com\\\/de\\\/erklaerung-zur-zugaenglichkeit\\\/#breadcrumb\",\"itemListElement\":[{\"@type\":\"ListItem\",\"position\":1,\"name\":\"Home\",\"item\":\"https:\\\/\\\/www.repricerexpress.com\\\/de\\\/startseite\\\/\"},{\"@type\":\"ListItem\",\"position\":2,\"name\":\"Erkl\u00e4rung zur Zug\u00e4nglichkeit\"}]},{\"@type\":\"WebSite\",\"@id\":\"https:\\\/\\\/www.repricerexpress.com\\\/de\\\/#website\",\"url\":\"https:\\\/\\\/www.repricerexpress.com\\\/de\\\/\",\"name\":\"RepricerExpress\",\"description\":\"\",\"publisher\":{\"@id\":\"https:\\\/\\\/www.repricerexpress.com\\\/de\\\/#organization\"},\"potentialAction\":[{\"@type\":\"SearchAction\",\"target\":{\"@type\":\"EntryPoint\",\"urlTemplate\":\"https:\\\/\\\/www.repricerexpress.com\\\/de\\\/?s={search_term_string}\"},\"query-input\":{\"@type\":\"PropertyValueSpecification\",\"valueRequired\":true,\"valueName\":\"search_term_string\"}}],\"inLanguage\":\"de\"},{\"@type\":\"Organization\",\"@id\":\"https:\\\/\\\/www.repricerexpress.com\\\/de\\\/#organization\",\"name\":\"RepricerExpress\",\"url\":\"https:\\\/\\\/www.repricerexpress.com\\\/de\\\/\",\"logo\":{\"@type\":\"ImageObject\",\"inLanguage\":\"de\",\"@id\":\"https:\\\/\\\/www.repricerexpress.com\\\/de\\\/#\\\/schema\\\/logo\\\/image\\\/\",\"url\":\"https:\\\/\\\/www.repricerexpress.com\\\/wp-content\\\/uploads\\\/2023\\\/11\\\/RepricerExpress-Logo.png\",\"contentUrl\":\"https:\\\/\\\/www.repricerexpress.com\\\/wp-content\\\/uploads\\\/2023\\\/11\\\/RepricerExpress-Logo.png\",\"width\":490,\"height\":83,\"caption\":\"RepricerExpress\"},\"image\":{\"@id\":\"https:\\\/\\\/www.repricerexpress.com\\\/de\\\/#\\\/schema\\\/logo\\\/image\\\/\"},\"sameAs\":[\"https:\\\/\\\/www.facebook.com\\\/repricerexpress\",\"https:\\\/\\\/x.com\\\/repricerexpress\",\"https:\\\/\\\/www.instagram.com\\\/repricer.express\\\/\",\"https:\\\/\\\/www.linkedin.com\\\/company\\\/repricerexpress\"]}]}<\/script>\n<!-- \/ Yoast SEO plugin. -->","yoast_head_json":{"title":"Erkl\u00e4rung zur Zug\u00e4nglichkeit - RepricerExpress","description":"RepricerExpress setzt sich f\u00fcr die digitale Barrierefreiheit ein. Lesen Sie unsere Erkl\u00e4rung zur Barrierefreiheit, um mehr \u00fcber unser Engagement zu erfahren.","robots":{"index":"index","follow":"follow","max-snippet":"max-snippet:-1","max-image-preview":"max-image-preview:large","max-video-preview":"max-video-preview:-1"},"canonical":"https:\/\/www.repricerexpress.com\/de\/erklaerung-zur-zugaenglichkeit\/","og_locale":"de_DE","og_type":"article","og_title":"Erkl\u00e4rung zur Zug\u00e4nglichkeit - RepricerExpress","og_description":"RepricerExpress setzt sich f\u00fcr die digitale Barrierefreiheit ein. Lesen Sie unsere Erkl\u00e4rung zur Barrierefreiheit, um mehr \u00fcber unser Engagement zu erfahren.","og_url":"https:\/\/www.repricerexpress.com\/de\/erklaerung-zur-zugaenglichkeit\/","og_site_name":"RepricerExpress","article_publisher":"https:\/\/www.facebook.com\/repricerexpress","article_modified_time":"2025-08-19T14:17:26+00:00","twitter_misc":{"Gesch\u00e4tzte Lesezeit":"1\u00a0Minute"},"schema":{"@context":"https:\/\/schema.org","@graph":[{"@type":"WebPage","@id":"https:\/\/www.repricerexpress.com\/de\/erklaerung-zur-zugaenglichkeit\/","url":"https:\/\/www.repricerexpress.com\/de\/erklaerung-zur-zugaenglichkeit\/","name":"Erkl\u00e4rung zur Zug\u00e4nglichkeit - RepricerExpress","isPartOf":{"@id":"https:\/\/www.repricerexpress.com\/de\/#website"},"datePublished":"2025-08-13T16:01:36+00:00","dateModified":"2025-08-19T14:17:26+00:00","description":"RepricerExpress setzt sich f\u00fcr die digitale Barrierefreiheit ein. Lesen Sie unsere Erkl\u00e4rung zur Barrierefreiheit, um mehr \u00fcber unser Engagement zu erfahren.","breadcrumb":{"@id":"https:\/\/www.repricerexpress.com\/de\/erklaerung-zur-zugaenglichkeit\/#breadcrumb"},"inLanguage":"de","potentialAction":[{"@type":"ReadAction","target":["https:\/\/www.repricerexpress.com\/de\/erklaerung-zur-zugaenglichkeit\/"]}]},{"@type":"BreadcrumbList","@id":"https:\/\/www.repricerexpress.com\/de\/erklaerung-zur-zugaenglichkeit\/#breadcrumb","itemListElement":[{"@type":"ListItem","position":1,"name":"Home","item":"https:\/\/www.repricerexpress.com\/de\/startseite\/"},{"@type":"ListItem","position":2,"name":"Erkl\u00e4rung zur Zug\u00e4nglichkeit"}]},{"@type":"WebSite","@id":"https:\/\/www.repricerexpress.com\/de\/#website","url":"https:\/\/www.repricerexpress.com\/de\/","name":"RepricerExpress","description":"","publisher":{"@id":"https:\/\/www.repricerexpress.com\/de\/#organization"},"potentialAction":[{"@type":"SearchAction","target":{"@type":"EntryPoint","urlTemplate":"https:\/\/www.repricerexpress.com\/de\/?s={search_term_string}"},"query-input":{"@type":"PropertyValueSpecification","valueRequired":true,"valueName":"search_term_string"}}],"inLanguage":"de"},{"@type":"Organization","@id":"https:\/\/www.repricerexpress.com\/de\/#organization","name":"RepricerExpress","url":"https:\/\/www.repricerexpress.com\/de\/","logo":{"@type":"ImageObject","inLanguage":"de","@id":"https:\/\/www.repricerexpress.com\/de\/#\/schema\/logo\/image\/","url":"https:\/\/www.repricerexpress.com\/wp-content\/uploads\/2023\/11\/RepricerExpress-Logo.png","contentUrl":"https:\/\/www.repricerexpress.com\/wp-content\/uploads\/2023\/11\/RepricerExpress-Logo.png","width":490,"height":83,"caption":"RepricerExpress"},"image":{"@id":"https:\/\/www.repricerexpress.com\/de\/#\/schema\/logo\/image\/"},"sameAs":["https:\/\/www.facebook.com\/repricerexpress","https:\/\/x.com\/repricerexpress","https:\/\/www.instagram.com\/repricer.express\/","https:\/\/www.linkedin.com\/company\/repricerexpress"]}]}},"_links":{"self":[{"href":"https:\/\/www.repricerexpress.com\/de\/wp-json\/wp\/v2\/pages\/23466","targetHints":{"allow":["GET"]}}],"collection":[{"href":"https:\/\/www.repricerexpress.com\/de\/wp-json\/wp\/v2\/pages"}],"about":[{"href":"https:\/\/www.repricerexpress.com\/de\/wp-json\/wp\/v2\/types\/page"}],"author":[{"embeddable":true,"href":"https:\/\/www.repricerexpress.com\/de\/wp-json\/wp\/v2\/users\/4475"}],"replies":[{"embeddable":true,"href":"https:\/\/www.repricerexpress.com\/de\/wp-json\/wp\/v2\/comments?post=23466"}],"version-history":[{"count":1,"href":"https:\/\/www.repricerexpress.com\/de\/wp-json\/wp\/v2\/pages\/23466\/revisions"}],"predecessor-version":[{"id":23467,"href":"https:\/\/www.repricerexpress.com\/de\/wp-json\/wp\/v2\/pages\/23466\/revisions\/23467"}],"wp:attachment":[{"href":"https:\/\/www.repricerexpress.com\/de\/wp-json\/wp\/v2\/media?parent=23466"}],"curies":[{"name":"wp","href":"https:\/\/api.w.org\/{rel}","templated":true}]}}