{"id":47434,"date":"2025-09-19T16:24:54","date_gmt":"2025-09-19T15:24:54","guid":{"rendered":"https:\/\/www.repricerexpress.com\/demo-buchen-rep-export\/"},"modified":"2025-09-19T16:24:55","modified_gmt":"2025-09-19T15:24:55","slug":"demo-buchen-rep-export","status":"publish","type":"page","link":"https:\/\/www.repricerexpress.com\/de\/demo-buchen-rep-export\/","title":{"rendered":"Demo buchen &#8211; REP Export"},"content":{"rendered":"\t\t<div data-elementor-type=\"wp-page\" data-elementor-id=\"47434\" class=\"elementor elementor-47434 elementor-47336\" data-elementor-post-type=\"page\">\n\t\t\t\t<div class=\"elementor-element elementor-element-4fb943d6 e-flex e-con-boxed e-con e-parent\" data-id=\"4fb943d6\" data-element_type=\"container\" data-e-type=\"container\">\n\t\t\t\t\t<div class=\"e-con-inner\">\n\t\t<div class=\"elementor-element elementor-element-2da32950 e-con-full e-flex e-con e-child\" data-id=\"2da32950\" data-element_type=\"container\" data-e-type=\"container\">\n\t\t\t\t<div class=\"elementor-element elementor-element-b2fa106 elementor-widget elementor-widget-text-editor\" data-id=\"b2fa106\" data-element_type=\"widget\" data-e-type=\"widget\" data-widget_type=\"text-editor.default\">\n\t\t\t\t<div class=\"elementor-widget-container\">\n\t\t\t\t\t\t\t\t\t<span class=\"tag--main tag--purple\">Buchen Sie eine Demo!<\/span>\t\t\t\t\t\t\t\t<\/div>\n\t\t\t\t<\/div>\n\t\t\t\t<div class=\"elementor-element elementor-element-77a9bec elementor-widget elementor-widget-heading\" data-id=\"77a9bec\" data-element_type=\"widget\" data-e-type=\"widget\" data-widget_type=\"heading.default\">\n\t\t\t\t<div class=\"elementor-widget-container\">\n\t\t\t\t\t<h2 class=\"elementor-heading-title elementor-size-default\">Sprechen Sie mit einem Repricing-Experten zu einem Zeitpunkt, der Ihnen passt<\/h2>\t\t\t\t<\/div>\n\t\t\t\t<\/div>\n\t\t\t\t<div class=\"elementor-element elementor-element-160fd8a7 elementor-widget elementor-widget-heading\" data-id=\"160fd8a7\" data-element_type=\"widget\" data-e-type=\"widget\" data-widget_type=\"heading.default\">\n\t\t\t\t<div class=\"elementor-widget-container\">\n\t\t\t\t\t<h2 class=\"elementor-heading-title elementor-size-default\">Holen Sie sich einen pers\u00f6nlichen \u00dcberblick \u00fcber RepricerExpress und sehen Sie, wie es Ihnen helfen kann, mehr Verk\u00e4ufe und Gewinne auf Amazon zu erzielen:<\/h2>\t\t\t\t<\/div>\n\t\t\t\t<\/div>\n\t\t\t\t<div class=\"elementor-element elementor-element-2c1334e8 elementor-icon-list--layout-traditional elementor-list-item-link-full_width elementor-widget elementor-widget-icon-list\" data-id=\"2c1334e8\" data-element_type=\"widget\" data-e-type=\"widget\" data-widget_type=\"icon-list.default\">\n\t\t\t\t<div class=\"elementor-widget-container\">\n\t\t\t\t\t\t\t<ul class=\"elementor-icon-list-items\">\n\t\t\t\t\t\t\t<li class=\"elementor-icon-list-item\">\n\t\t\t\t\t\t\t\t\t\t\t<span class=\"elementor-icon-list-icon\">\n\t\t\t\t\t\t\t<svg xmlns=\"http:\/\/www.w3.org\/2000\/svg\" width=\"16\" height=\"16\" viewBox=\"0 0 16 16\" fill=\"none\"><path d=\"M8.00004 1.33331C4.32004 1.33331 1.33337 4.31998 1.33337 7.99998C1.33337 11.68 4.32004 14.6666 8.00004 14.6666C11.68 14.6666 14.6667 11.68 14.6667 7.99998C14.6667 4.31998 11.68 1.33331 8.00004 1.33331ZM6.19337 10.86L3.80004 8.46665C3.54004 8.20665 3.54004 7.78665 3.80004 7.52665C4.06004 7.26665 4.48004 7.26665 4.74004 7.52665L6.66671 9.44665L11.2534 4.85998C11.5134 4.59998 11.9334 4.59998 12.1934 4.85998C12.4534 5.11998 12.4534 5.53998 12.1934 5.79998L7.13337 10.86C6.88004 11.12 6.45337 11.12 6.19337 10.86Z\" fill=\"#8849FF\"><\/path><\/svg>\t\t\t\t\t\t<\/span>\n\t\t\t\t\t\t\t\t\t\t<span class=\"elementor-icon-list-text\">Sofortige Reaktion auf Preis\u00e4nderungen der Wettbewerber, so dass Sie die Buy Box h\u00e4ufiger erhalten<\/span>\n\t\t\t\t\t\t\t\t\t<\/li>\n\t\t\t\t\t\t\t\t<li class=\"elementor-icon-list-item\">\n\t\t\t\t\t\t\t\t\t\t\t<span class=\"elementor-icon-list-icon\">\n\t\t\t\t\t\t\t<svg xmlns=\"http:\/\/www.w3.org\/2000\/svg\" width=\"16\" height=\"16\" viewBox=\"0 0 16 16\" fill=\"none\"><path d=\"M8.00004 1.33331C4.32004 1.33331 1.33337 4.31998 1.33337 7.99998C1.33337 11.68 4.32004 14.6666 8.00004 14.6666C11.68 14.6666 14.6667 11.68 14.6667 7.99998C14.6667 4.31998 11.68 1.33331 8.00004 1.33331ZM6.19337 10.86L3.80004 8.46665C3.54004 8.20665 3.54004 7.78665 3.80004 7.52665C4.06004 7.26665 4.48004 7.26665 4.74004 7.52665L6.66671 9.44665L11.2534 4.85998C11.5134 4.59998 11.9334 4.59998 12.1934 4.85998C12.4534 5.11998 12.4534 5.53998 12.1934 5.79998L7.13337 10.86C6.88004 11.12 6.45337 11.12 6.19337 10.86Z\" fill=\"#8849FF\"><\/path><\/svg>\t\t\t\t\t\t<\/span>\n\t\t\t\t\t\t\t\t\t\t<span class=\"elementor-icon-list-text\">Sie k\u00f6nnen Ihre Konkurrenten effektiver ansprechen, indem Sie Ihre Strategie auf intelligente Weise an deren Erf\u00fcllungsart anpassen.<\/span>\n\t\t\t\t\t\t\t\t\t<\/li>\n\t\t\t\t\t\t\t\t<li class=\"elementor-icon-list-item\">\n\t\t\t\t\t\t\t\t\t\t\t<span class=\"elementor-icon-list-icon\">\n\t\t\t\t\t\t\t<svg xmlns=\"http:\/\/www.w3.org\/2000\/svg\" width=\"16\" height=\"16\" viewBox=\"0 0 16 16\" fill=\"none\"><path d=\"M8.00004 1.33331C4.32004 1.33331 1.33337 4.31998 1.33337 7.99998C1.33337 11.68 4.32004 14.6666 8.00004 14.6666C11.68 14.6666 14.6667 11.68 14.6667 7.99998C14.6667 4.31998 11.68 1.33331 8.00004 1.33331ZM6.19337 10.86L3.80004 8.46665C3.54004 8.20665 3.54004 7.78665 3.80004 7.52665C4.06004 7.26665 4.48004 7.26665 4.74004 7.52665L6.66671 9.44665L11.2534 4.85998C11.5134 4.59998 11.9334 4.59998 12.1934 4.85998C12.4534 5.11998 12.4534 5.53998 12.1934 5.79998L7.13337 10.86C6.88004 11.12 6.45337 11.12 6.19337 10.86Z\" fill=\"#8849FF\"><\/path><\/svg>\t\t\t\t\t\t<\/span>\n\t\t\t\t\t\t\t\t\t\t<span class=\"elementor-icon-list-text\">Berechnen Sie den h\u00f6chsten Preis, den Sie verlangen k\u00f6nnen, und gewinnen Sie trotzdem die Buy Box.<\/span>\n\t\t\t\t\t\t\t\t\t<\/li>\n\t\t\t\t\t\t\t\t<li class=\"elementor-icon-list-item\">\n\t\t\t\t\t\t\t\t\t\t\t<span class=\"elementor-icon-list-icon\">\n\t\t\t\t\t\t\t<svg xmlns=\"http:\/\/www.w3.org\/2000\/svg\" width=\"16\" height=\"16\" viewBox=\"0 0 16 16\" fill=\"none\"><path d=\"M8.00004 1.33331C4.32004 1.33331 1.33337 4.31998 1.33337 7.99998C1.33337 11.68 4.32004 14.6666 8.00004 14.6666C11.68 14.6666 14.6667 11.68 14.6667 7.99998C14.6667 4.31998 11.68 1.33331 8.00004 1.33331ZM6.19337 10.86L3.80004 8.46665C3.54004 8.20665 3.54004 7.78665 3.80004 7.52665C4.06004 7.26665 4.48004 7.26665 4.74004 7.52665L6.66671 9.44665L11.2534 4.85998C11.5134 4.59998 11.9334 4.59998 12.1934 4.85998C12.4534 5.11998 12.4534 5.53998 12.1934 5.79998L7.13337 10.86C6.88004 11.12 6.45337 11.12 6.19337 10.86Z\" fill=\"#8849FF\"><\/path><\/svg>\t\t\t\t\t\t<\/span>\n\t\t\t\t\t\t\t\t\t\t<span class=\"elementor-icon-list-text\">Wir bieten Ihnen praktische Ratschl\u00e4ge von Repricing-Experten, die Ihnen helfen, Ihre Gesch\u00e4ftsziele zu erreichen.<\/span>\n\t\t\t\t\t\t\t\t\t<\/li>\n\t\t\t\t\t\t<\/ul>\n\t\t\t\t\t\t<\/div>\n\t\t\t\t<\/div>\n\t\t\t\t<div class=\"elementor-element elementor-element-2610a495 elementor-widget elementor-widget-spacer\" data-id=\"2610a495\" data-element_type=\"widget\" data-e-type=\"widget\" data-widget_type=\"spacer.default\">\n\t\t\t\t<div class=\"elementor-widget-container\">\n\t\t\t\t\t\t\t<div class=\"elementor-spacer\">\n\t\t\t<div class=\"elementor-spacer-inner\"><\/div>\n\t\t<\/div>\n\t\t\t\t\t\t<\/div>\n\t\t\t\t<\/div>\n\t\t\t\t<\/div>\n\t\t<div class=\"elementor-element elementor-element-1b675234 e-con-full e-flex e-con e-child\" data-id=\"1b675234\" data-element_type=\"container\" data-e-type=\"container\" data-settings=\"{&quot;background_background&quot;:&quot;classic&quot;}\">\n\t\t\t\t<div class=\"elementor-element elementor-element-3ca7abdf elementor-widget elementor-widget-image\" data-id=\"3ca7abdf\" data-element_type=\"widget\" data-e-type=\"widget\" data-widget_type=\"image.default\">\n\t\t\t\t<div class=\"elementor-widget-container\">\n\t\t\t\t\t\t\t\t\t\t\t\t\t\t\t<img decoding=\"async\" src=\"https:\/\/www.repricer.com\/wp-content\/uploads\/2024\/02\/eDeskteam-2.png\" title=\"\" alt=\"\" loading=\"lazy\" \/>\t\t\t\t\t\t\t\t\t\t\t\t\t\t\t<\/div>\n\t\t\t\t<\/div>\n\t\t\t\t<div class=\"elementor-element elementor-element-1535a955 elementor-widget-tablet__width-inherit elementor-widget elementor-widget-html\" data-id=\"1535a955\" data-element_type=\"widget\" data-e-type=\"widget\" data-widget_type=\"html.default\">\n\t\t\t\t<div class=\"elementor-widget-container\">\n\t\t\t\t\t<script charset=\"utf-8\" type=\"text\/javascript\" src=\"\/\/js.hsforms.net\/forms\/embed\/v2.js\"><\/script><script>hbspt.forms.create({\n    region: \"na1\",\n    portalId: \"4770908\",\n    formId: \"49933abe-d8a0-42e6-81bf-156744ca1ea6\"\n  });\n<\/script>\t\t\t\t<\/div>\n\t\t\t\t<\/div>\n\t\t\t\t<\/div>\n\t\t\t\t\t<\/div>\n\t\t\t\t<\/div>\n\t\t<div class=\"elementor-element elementor-element-2d3229a5 e-flex e-con-boxed e-con e-parent\" data-id=\"2d3229a5\" data-element_type=\"container\" data-e-type=\"container\" data-settings=\"{&quot;background_background&quot;:&quot;classic&quot;}\">\n\t\t\t\t\t<div class=\"e-con-inner\">\n\t\t<div class=\"elementor-element elementor-element-3146662c e-con-full e-flex e-con e-child\" data-id=\"3146662c\" data-element_type=\"container\" data-e-type=\"container\">\n\t\t\t\t<div class=\"elementor-element elementor-element-399eabc elementor-widget elementor-widget-spacer\" data-id=\"399eabc\" data-element_type=\"widget\" data-e-type=\"widget\" data-widget_type=\"spacer.default\">\n\t\t\t\t<div class=\"elementor-widget-container\">\n\t\t\t\t\t\t\t<div class=\"elementor-spacer\">\n\t\t\t<div class=\"elementor-spacer-inner\"><\/div>\n\t\t<\/div>\n\t\t\t\t\t\t<\/div>\n\t\t\t\t<\/div>\n\t\t\t\t<div class=\"elementor-element elementor-element-59347237 elementor-widget elementor-widget-heading\" data-id=\"59347237\" data-element_type=\"widget\" data-e-type=\"widget\" data-widget_type=\"heading.default\">\n\t\t\t\t<div class=\"elementor-widget-container\">\n\t\t\t\t\t<h2 class=\"elementor-heading-title elementor-size-default\">Unterst\u00fctzung f\u00fcr Tausende von Amazon-Verk\u00e4ufern<\/h2>\t\t\t\t<\/div>\n\t\t\t\t<\/div>\n\t\t\t\t<div class=\"elementor-element elementor-element-54730117 elementor-widget elementor-widget-heading\" data-id=\"54730117\" data-element_type=\"widget\" data-e-type=\"widget\" data-widget_type=\"heading.default\">\n\t\t\t\t<div class=\"elementor-widget-container\">\n\t\t\t\t\t<h2 class=\"elementor-heading-title elementor-size-default\">\"Wenn Sie einen Wettlauf nach unten vermeiden und gleichzeitig den Umsatz aufrechterhalten wollen, k\u00f6nnen Sie mit diesem Tool so ziemlich jede Strategie umsetzen, die Sie sich vorstellen k\u00f6nnen.<\/h2>\t\t\t\t<\/div>\n\t\t\t\t<\/div>\n\t\t\t\t<div class=\"elementor-element elementor-element-6af487b elementor-widget elementor-widget-heading\" data-id=\"6af487b\" data-element_type=\"widget\" data-e-type=\"widget\" data-widget_type=\"heading.default\">\n\t\t\t\t<div class=\"elementor-widget-container\">\n\t\t\t\t\t<p class=\"elementor-heading-title elementor-size-default\"><b>Robin Burton<\/b>, Amazon-Verk\u00e4ufer<\/p>\t\t\t\t<\/div>\n\t\t\t\t<\/div>\n\t\t\t\t<div class=\"elementor-element elementor-element-5ba11273 elementor-widget elementor-widget-spacer\" data-id=\"5ba11273\" data-element_type=\"widget\" data-e-type=\"widget\" data-widget_type=\"spacer.default\">\n\t\t\t\t<div class=\"elementor-widget-container\">\n\t\t\t\t\t\t\t<div class=\"elementor-spacer\">\n\t\t\t<div class=\"elementor-spacer-inner\"><\/div>\n\t\t<\/div>\n\t\t\t\t\t\t<\/div>\n\t\t\t\t<\/div>\n\t\t\t\t<\/div>\n\t\t<div class=\"elementor-element elementor-element-6461fe6 e-con-full e-flex e-con e-child\" data-id=\"6461fe6\" data-element_type=\"container\" data-e-type=\"container\">\n\t\t\t\t<\/div>\n\t\t\t\t\t<\/div>\n\t\t\t\t<\/div>\n\t\t\t\t<\/div>\n\t\t","protected":false},"excerpt":{"rendered":"<p>Buchen Sie eine Demo! Sprechen Sie mit einem Repricing-Experten zu einem Zeitpunkt, der Ihnen passt Holen Sie sich einen pers\u00f6nlichen \u00dcberblick \u00fcber RepricerExpress und sehen Sie, wie es Ihnen helfen kann, mehr Verk\u00e4ufe und Gewinne auf Amazon zu erzielen: Sofortige Reaktion auf Preis\u00e4nderungen der Wettbewerber, so dass Sie die Buy Box h\u00e4ufiger erhalten Sie k\u00f6nnen [&hellip;]<\/p>\n","protected":false},"author":4459,"featured_media":19814,"parent":0,"menu_order":0,"comment_status":"closed","ping_status":"closed","template":"","meta":{"footnotes":""},"class_list":["post-47434","page","type-page","status-publish","has-post-thumbnail","hentry"],"yoast_head":"<!-- This site is optimized with the Yoast SEO plugin v27.3 - https:\/\/yoast.com\/product\/yoast-seo-wordpress\/ -->\n<title>Buchen Sie eine Demo - Der schnellste Amazon Repricer | Repricer.com<\/title>\n<meta name=\"description\" content=\"Buchen Sie noch heute eine Demo mit einem Repricing-Experten, um Ihre Amazon-Verk\u00e4ufe zu steigern!\" \/>\n<meta name=\"robots\" content=\"index, follow, max-snippet:-1, max-image-preview:large, max-video-preview:-1\" \/>\n<link rel=\"canonical\" href=\"https:\/\/www.repricerexpress.com\/de\/demo-buchen-rep-export\/\" \/>\n<meta property=\"og:locale\" content=\"de_DE\" \/>\n<meta property=\"og:type\" content=\"article\" \/>\n<meta property=\"og:title\" content=\"Buchen Sie eine Demo - Der schnellste Amazon Repricer | Repricer.com\" \/>\n<meta property=\"og:description\" content=\"Buchen Sie noch heute eine Demo mit einem Repricing-Experten, um Ihre Amazon-Verk\u00e4ufe zu steigern!\" \/>\n<meta property=\"og:url\" content=\"https:\/\/www.repricerexpress.com\/de\/demo-buchen-rep-export\/\" \/>\n<meta property=\"og:site_name\" content=\"RepricerExpress\" \/>\n<meta property=\"article:publisher\" content=\"https:\/\/www.facebook.com\/repricerexpress\" \/>\n<meta property=\"article:modified_time\" content=\"2025-09-19T15:24:55+00:00\" \/>\n<meta name=\"twitter:label1\" content=\"Gesch\u00e4tzte Lesezeit\" \/>\n\t<meta name=\"twitter:data1\" content=\"1\u00a0Minute\" \/>\n<script type=\"application\/ld+json\" class=\"yoast-schema-graph\">{\"@context\":\"https:\\\/\\\/schema.org\",\"@graph\":[{\"@type\":\"WebPage\",\"@id\":\"https:\\\/\\\/www.repricerexpress.com\\\/de\\\/demo-buchen-rep-export\\\/\",\"url\":\"https:\\\/\\\/www.repricerexpress.com\\\/de\\\/demo-buchen-rep-export\\\/\",\"name\":\"Buchen Sie eine Demo - Der schnellste Amazon Repricer | Repricer.com\",\"isPartOf\":{\"@id\":\"https:\\\/\\\/www.repricerexpress.com\\\/de\\\/#website\"},\"primaryImageOfPage\":{\"@id\":\"https:\\\/\\\/www.repricerexpress.com\\\/de\\\/demo-buchen-rep-export\\\/#primaryimage\"},\"image\":{\"@id\":\"https:\\\/\\\/www.repricerexpress.com\\\/de\\\/demo-buchen-rep-export\\\/#primaryimage\"},\"thumbnailUrl\":\"\",\"datePublished\":\"2025-09-19T15:24:54+00:00\",\"dateModified\":\"2025-09-19T15:24:55+00:00\",\"description\":\"Buchen Sie noch heute eine Demo mit einem Repricing-Experten, um Ihre Amazon-Verk\u00e4ufe zu steigern!\",\"breadcrumb\":{\"@id\":\"https:\\\/\\\/www.repricerexpress.com\\\/de\\\/demo-buchen-rep-export\\\/#breadcrumb\"},\"inLanguage\":\"de\",\"potentialAction\":[{\"@type\":\"ReadAction\",\"target\":[\"https:\\\/\\\/www.repricerexpress.com\\\/de\\\/demo-buchen-rep-export\\\/\"]}]},{\"@type\":\"ImageObject\",\"inLanguage\":\"de\",\"@id\":\"https:\\\/\\\/www.repricerexpress.com\\\/de\\\/demo-buchen-rep-export\\\/#primaryimage\",\"url\":\"\",\"contentUrl\":\"\"},{\"@type\":\"BreadcrumbList\",\"@id\":\"https:\\\/\\\/www.repricerexpress.com\\\/de\\\/demo-buchen-rep-export\\\/#breadcrumb\",\"itemListElement\":[{\"@type\":\"ListItem\",\"position\":1,\"name\":\"Home\",\"item\":\"https:\\\/\\\/www.repricerexpress.com\\\/de\\\/startseite\\\/\"},{\"@type\":\"ListItem\",\"position\":2,\"name\":\"Demo buchen &#8211; REP Export\"}]},{\"@type\":\"WebSite\",\"@id\":\"https:\\\/\\\/www.repricerexpress.com\\\/de\\\/#website\",\"url\":\"https:\\\/\\\/www.repricerexpress.com\\\/de\\\/\",\"name\":\"RepricerExpress\",\"description\":\"\",\"publisher\":{\"@id\":\"https:\\\/\\\/www.repricerexpress.com\\\/de\\\/#organization\"},\"potentialAction\":[{\"@type\":\"SearchAction\",\"target\":{\"@type\":\"EntryPoint\",\"urlTemplate\":\"https:\\\/\\\/www.repricerexpress.com\\\/de\\\/?s={search_term_string}\"},\"query-input\":{\"@type\":\"PropertyValueSpecification\",\"valueRequired\":true,\"valueName\":\"search_term_string\"}}],\"inLanguage\":\"de\"},{\"@type\":\"Organization\",\"@id\":\"https:\\\/\\\/www.repricerexpress.com\\\/de\\\/#organization\",\"name\":\"RepricerExpress\",\"url\":\"https:\\\/\\\/www.repricerexpress.com\\\/de\\\/\",\"logo\":{\"@type\":\"ImageObject\",\"inLanguage\":\"de\",\"@id\":\"https:\\\/\\\/www.repricerexpress.com\\\/de\\\/#\\\/schema\\\/logo\\\/image\\\/\",\"url\":\"https:\\\/\\\/www.repricerexpress.com\\\/wp-content\\\/uploads\\\/2023\\\/11\\\/RepricerExpress-Logo.png\",\"contentUrl\":\"https:\\\/\\\/www.repricerexpress.com\\\/wp-content\\\/uploads\\\/2023\\\/11\\\/RepricerExpress-Logo.png\",\"width\":490,\"height\":83,\"caption\":\"RepricerExpress\"},\"image\":{\"@id\":\"https:\\\/\\\/www.repricerexpress.com\\\/de\\\/#\\\/schema\\\/logo\\\/image\\\/\"},\"sameAs\":[\"https:\\\/\\\/www.facebook.com\\\/repricerexpress\",\"https:\\\/\\\/x.com\\\/repricerexpress\",\"https:\\\/\\\/www.instagram.com\\\/repricer.express\\\/\",\"https:\\\/\\\/www.linkedin.com\\\/company\\\/repricerexpress\"]}]}<\/script>\n<!-- \/ Yoast SEO plugin. -->","yoast_head_json":{"title":"Buchen Sie eine Demo - Der schnellste Amazon Repricer | Repricer.com","description":"Buchen Sie noch heute eine Demo mit einem Repricing-Experten, um Ihre Amazon-Verk\u00e4ufe zu steigern!","robots":{"index":"index","follow":"follow","max-snippet":"max-snippet:-1","max-image-preview":"max-image-preview:large","max-video-preview":"max-video-preview:-1"},"canonical":"https:\/\/www.repricerexpress.com\/de\/demo-buchen-rep-export\/","og_locale":"de_DE","og_type":"article","og_title":"Buchen Sie eine Demo - Der schnellste Amazon Repricer | Repricer.com","og_description":"Buchen Sie noch heute eine Demo mit einem Repricing-Experten, um Ihre Amazon-Verk\u00e4ufe zu steigern!","og_url":"https:\/\/www.repricerexpress.com\/de\/demo-buchen-rep-export\/","og_site_name":"RepricerExpress","article_publisher":"https:\/\/www.facebook.com\/repricerexpress","article_modified_time":"2025-09-19T15:24:55+00:00","twitter_misc":{"Gesch\u00e4tzte Lesezeit":"1\u00a0Minute"},"schema":{"@context":"https:\/\/schema.org","@graph":[{"@type":"WebPage","@id":"https:\/\/www.repricerexpress.com\/de\/demo-buchen-rep-export\/","url":"https:\/\/www.repricerexpress.com\/de\/demo-buchen-rep-export\/","name":"Buchen Sie eine Demo - Der schnellste Amazon Repricer | Repricer.com","isPartOf":{"@id":"https:\/\/www.repricerexpress.com\/de\/#website"},"primaryImageOfPage":{"@id":"https:\/\/www.repricerexpress.com\/de\/demo-buchen-rep-export\/#primaryimage"},"image":{"@id":"https:\/\/www.repricerexpress.com\/de\/demo-buchen-rep-export\/#primaryimage"},"thumbnailUrl":"","datePublished":"2025-09-19T15:24:54+00:00","dateModified":"2025-09-19T15:24:55+00:00","description":"Buchen Sie noch heute eine Demo mit einem Repricing-Experten, um Ihre Amazon-Verk\u00e4ufe zu steigern!","breadcrumb":{"@id":"https:\/\/www.repricerexpress.com\/de\/demo-buchen-rep-export\/#breadcrumb"},"inLanguage":"de","potentialAction":[{"@type":"ReadAction","target":["https:\/\/www.repricerexpress.com\/de\/demo-buchen-rep-export\/"]}]},{"@type":"ImageObject","inLanguage":"de","@id":"https:\/\/www.repricerexpress.com\/de\/demo-buchen-rep-export\/#primaryimage","url":"","contentUrl":""},{"@type":"BreadcrumbList","@id":"https:\/\/www.repricerexpress.com\/de\/demo-buchen-rep-export\/#breadcrumb","itemListElement":[{"@type":"ListItem","position":1,"name":"Home","item":"https:\/\/www.repricerexpress.com\/de\/startseite\/"},{"@type":"ListItem","position":2,"name":"Demo buchen &#8211; REP Export"}]},{"@type":"WebSite","@id":"https:\/\/www.repricerexpress.com\/de\/#website","url":"https:\/\/www.repricerexpress.com\/de\/","name":"RepricerExpress","description":"","publisher":{"@id":"https:\/\/www.repricerexpress.com\/de\/#organization"},"potentialAction":[{"@type":"SearchAction","target":{"@type":"EntryPoint","urlTemplate":"https:\/\/www.repricerexpress.com\/de\/?s={search_term_string}"},"query-input":{"@type":"PropertyValueSpecification","valueRequired":true,"valueName":"search_term_string"}}],"inLanguage":"de"},{"@type":"Organization","@id":"https:\/\/www.repricerexpress.com\/de\/#organization","name":"RepricerExpress","url":"https:\/\/www.repricerexpress.com\/de\/","logo":{"@type":"ImageObject","inLanguage":"de","@id":"https:\/\/www.repricerexpress.com\/de\/#\/schema\/logo\/image\/","url":"https:\/\/www.repricerexpress.com\/wp-content\/uploads\/2023\/11\/RepricerExpress-Logo.png","contentUrl":"https:\/\/www.repricerexpress.com\/wp-content\/uploads\/2023\/11\/RepricerExpress-Logo.png","width":490,"height":83,"caption":"RepricerExpress"},"image":{"@id":"https:\/\/www.repricerexpress.com\/de\/#\/schema\/logo\/image\/"},"sameAs":["https:\/\/www.facebook.com\/repricerexpress","https:\/\/x.com\/repricerexpress","https:\/\/www.instagram.com\/repricer.express\/","https:\/\/www.linkedin.com\/company\/repricerexpress"]}]}},"_links":{"self":[{"href":"https:\/\/www.repricerexpress.com\/de\/wp-json\/wp\/v2\/pages\/47434","targetHints":{"allow":["GET"]}}],"collection":[{"href":"https:\/\/www.repricerexpress.com\/de\/wp-json\/wp\/v2\/pages"}],"about":[{"href":"https:\/\/www.repricerexpress.com\/de\/wp-json\/wp\/v2\/types\/page"}],"author":[{"embeddable":true,"href":"https:\/\/www.repricerexpress.com\/de\/wp-json\/wp\/v2\/users\/4459"}],"replies":[{"embeddable":true,"href":"https:\/\/www.repricerexpress.com\/de\/wp-json\/wp\/v2\/comments?post=47434"}],"version-history":[{"count":1,"href":"https:\/\/www.repricerexpress.com\/de\/wp-json\/wp\/v2\/pages\/47434\/revisions"}],"predecessor-version":[{"id":47435,"href":"https:\/\/www.repricerexpress.com\/de\/wp-json\/wp\/v2\/pages\/47434\/revisions\/47435"}],"wp:featuredmedia":[{"embeddable":true,"href":"https:\/\/www.repricerexpress.com\/de\/wp-json\/wp\/v2\/posts\/19814"}],"wp:attachment":[{"href":"https:\/\/www.repricerexpress.com\/de\/wp-json\/wp\/v2\/media?parent=47434"}],"curies":[{"name":"wp","href":"https:\/\/api.w.org\/{rel}","templated":true}]}}