{"id":18590,"date":"2024-02-14T20:14:08","date_gmt":"2024-02-14T20:14:08","guid":{"rendered":"http:\/\/www.repricerexpress.com\/aviso-sobre-cookies\/"},"modified":"2025-04-24T16:16:18","modified_gmt":"2025-04-24T15:16:18","slug":"aviso-sobre-cookies","status":"publish","type":"page","link":"https:\/\/www.repricerexpress.com\/es\/aviso-sobre-cookies\/","title":{"rendered":"Aviso sobre cookies"},"content":{"rendered":"\t\t<div data-elementor-type=\"wp-page\" data-elementor-id=\"18590\" class=\"elementor elementor-18590 elementor-16164\" data-elementor-post-type=\"page\">\n\t\t\t\t\t\t<section class=\"elementor-section elementor-top-section elementor-element elementor-element-5d0c0597 elementor-section-boxed elementor-section-height-default elementor-section-height-default\" data-id=\"5d0c0597\" data-element_type=\"section\" data-e-type=\"section\">\n\t\t\t\t\t\t<div class=\"elementor-container elementor-column-gap-default\">\n\t\t\t\t\t<div class=\"elementor-column elementor-col-100 elementor-top-column elementor-element elementor-element-4b9ef060\" data-id=\"4b9ef060\" data-element_type=\"column\" data-e-type=\"column\">\n\t\t\t<div class=\"elementor-widget-wrap elementor-element-populated\">\n\t\t\t\t\t\t<div class=\"elementor-element elementor-element-38b98ebb elementor-widget elementor-widget-heading\" data-id=\"38b98ebb\" data-element_type=\"widget\" data-e-type=\"widget\" data-widget_type=\"heading.default\">\n\t\t\t\t<div class=\"elementor-widget-container\">\n\t\t\t\t\t<h1 class=\"elementor-heading-title elementor-size-default\">Aviso sobre cookies de RepricerExpress<\/h1>\t\t\t\t<\/div>\n\t\t\t\t<\/div>\n\t\t\t\t<div class=\"elementor-element elementor-element-3b9c835f elementor-widget elementor-widget-text-editor\" data-id=\"3b9c835f\" data-element_type=\"widget\" data-e-type=\"widget\" data-widget_type=\"text-editor.default\">\n\t\t\t\t<div class=\"elementor-widget-container\">\n\t\t\t\t\t\t\t\t\t<p><strong>Mayo de 2025<\/strong><\/p>\n<p>Este Aviso de Cookies le proporciona informaci\u00f3n sobre las cookies que utilizamos en nuestros sitios web: xsellco.com, edesk.com, repricer.com y replymanager.com y los fines para los que las utilizamos.<\/p>\n<h2><strong style=\"color: inherit; font-family: inherit; background-color: var( --e-global-color-706ed4c );\">\u00bfQu\u00e9 son las cookies?<\/strong><\/h2>\n<p>Las cookies son peque\u00f1as piezas de datos que los sitios web que usted visita colocan en su ordenador. Se utilizan ampliamente para hacer que los sitios web funcionen de forma m\u00e1s eficiente, as\u00ed como para proporcionar informaci\u00f3n sobre c\u00f3mo se utiliza ese sitio web y para proporcionar informaci\u00f3n con fines de marketing.<\/p>\n<p>La duraci\u00f3n del almacenamiento de las cookies en su navegador var\u00eda en funci\u00f3n de la cookie. Algunas cookies s\u00f3lo duran su sesi\u00f3n en l\u00ednea, mientras que otras permanecer\u00e1n en su navegador durante m\u00e1s tiempo.<\/p>\n<h3><b style=\"color: inherit; letter-spacing: -0.7px; background-color: var( --e-global-color-706ed4c );\">Cookies que utilizamos<\/b><\/h3>\n<h4>Cookies funcionales<\/h4>\n<p>Estas cookies garantizan que nuestros sitios web funcionen correctamente y le proporcionen una buena experiencia al utilizarlos. A continuaci\u00f3n hemos enumerado estas cookies, algunas de las cuales son instaladas por terceros que nos prestan servicios.<\/p>\n<figure class=\"wp-block-table\">\n<table>\n<thead>\n<tr>\n<th scope=\"col\">Cookie<\/th>\n<th scope=\"col\">\u00bfCon qu\u00e9 fin?<\/th>\n<\/tr>\n<\/thead>\n<tbody>\n<tr>\n<td>Consentimiento de cookies<\/td>\n<td>Esta cookie se utiliza para recordar tus elecciones sobre las cookies en nuestros sitios web<\/td>\n<\/tr>\n<tr>\n<td>xSellco<\/td>\n<td>Para optimizar el rendimiento del servidor web para los usuarios y personalizar la experiencia de nuestros usuarios registrados<\/td>\n<\/tr>\n<tr>\n<td>eDesk<\/td>\n<td>Para ayudarnos a comprender c\u00f3mo nuestros usuarios navegan e interact\u00faan con nuestros sitios web y para personalizar la experiencia de nuestros usuarios registrados.<\/td>\n<\/tr>\n<\/tbody>\n<\/table>\n<\/figure>\n<h4> <\/h4>\n<h4><b>Cookies que nos ayudan a mejorar nuestros sitios web<\/b><\/h4>\n<p>Utilizamos estas cookies para ayudarnos a entender c\u00f3mo la gente utiliza nuestros sitios web. Podemos utilizar estos datos para mejorar el funcionamiento de nuestros sitios web. Por ejemplo, podemos utilizar proveedores de an\u00e1lisis para identificar y contar las visitas a nuestros sitios web y para ver a qu\u00e9 p\u00e1ginas van los usuarios y c\u00f3mo se mueven por la p\u00e1gina.<\/p>\n<p>Trabajamos con proveedores de servicios cuyas cookies nos proporcionan esta informaci\u00f3n.<\/p>\n<figure class=\"wp-block-table\">\n<table>\n<thead>\n<tr>\n<th scope=\"col\">Cookie<\/th>\n<th scope=\"col\">\u00bfCon qu\u00e9 fin?<\/th>\n<\/tr>\n<\/thead>\n<tbody>\n<tr>\n<td>Google Analytics<\/td>\n<td>Para permitirnos comprender c\u00f3mo utilizas nuestros sitios web y c\u00f3mo te relacionas con ellos<\/td>\n<\/tr>\n<tr>\n<td>Hotjar<\/td>\n<td>Para ayudarnos a comprender c\u00f3mo interact\u00faan los usuarios con p\u00e1ginas espec\u00edficas y para personalizar determinadas experiencias de p\u00e1gina<\/td>\n<\/tr>\n<\/tbody>\n<\/table>\n<\/figure>\n<h4> <\/h4>\n<h4><b>Cookies de apoyo a la comercializaci\u00f3n<\/b><\/h4>\n<p>Nosotros y nuestros socios utilizamos estas cookies para entender lo que le interesa en nuestros sitios web y en las redes sociales. Estas cookies tambi\u00e9n pueden identificar qu\u00e9 otros sitios web pueden haberle dirigido a nuestros sitios web. Esto es para que nosotros o nuestros socios podamos personalizar nuestro marketing para usted, incluyendo la publicidad en l\u00ednea y a trav\u00e9s del correo electr\u00f3nico y las redes sociales.<\/p>\n<p>Trabajamos con proveedores de servicios y terceros que tambi\u00e9n instalan este tipo de cookies en nuestros sitios web.<\/p>\n<figure class=\"wp-block-table\">\n<table>\n<thead>\n<tr>\n<th scope=\"col\">Cookie<\/th>\n<th scope=\"col\">\u00bfCon qu\u00e9 fin?<\/th>\n<\/tr>\n<\/thead>\n<tbody>\n<tr>\n<td>Facebook<\/td>\n<td>Para ayudarnos a ofrecer publicidad personalizada basada en la segmentaci\u00f3n informada por tu comportamiento de navegaci\u00f3n y para medir el rendimiento de nuestra publicidad digital, as\u00ed como para permitirte compartir p\u00e1ginas de nuestro sitio web en Facebook.<\/td>\n<\/tr>\n<tr>\n<td>Anuncios de Google<\/td>\n<td>Para ayudarnos a ofrecer publicidad personalizada basada en la segmentaci\u00f3n informada por tu comportamiento de navegaci\u00f3n y para medir el rendimiento de nuestra publicidad digital<\/td>\n<\/tr>\n<tr>\n<td>Google Optimize<\/td>\n<td>Para ayudarnos a ofrecer diferentes experiencias a los visitantes del sitio web con el fin de mejorar su rendimiento. Las pruebas son an\u00f3nimas<\/td>\n<\/tr>\n<tr>\n<td>An\u00e1lisis de Google<\/td>\n<td>Para ayudarnos a ofrecer publicidad personalizada basada en la segmentaci\u00f3n informada por tu comportamiento de navegaci\u00f3n y para medir el rendimiento de nuestra publicidad digital<\/td>\n<\/tr>\n<tr>\n<td>LinkedIn<\/td>\n<td>Para ayudarnos a ofrecer publicidad personalizada basada en la segmentaci\u00f3n informada por tu comportamiento de navegaci\u00f3n y para medir el rendimiento de nuestra publicidad digital y permitirte compartir p\u00e1ginas de nuestro sitio web en LinkedIn<\/td>\n<\/tr>\n<tr>\n<td>Microsoft (Bing)<\/td>\n<td>Para ayudarnos a ofrecer publicidad personalizada basada en la segmentaci\u00f3n informada por tu comportamiento de navegaci\u00f3n y para medir el rendimiento de nuestra publicidad digital<\/td>\n<\/tr>\n<tr>\n<td>Hubspot<\/td>\n<td>Para ayudarnos a ofrecer marketing personalizado basado en la segmentaci\u00f3n informada por tu comportamiento de navegaci\u00f3n y para medir el rendimiento de nuestra publicidad digital.<\/td>\n<\/tr>\n<tr>\n<td>Amazon<\/td>\n<td>Para ayudarnos a ofrecer publicidad personalizada basada en la segmentaci\u00f3n informada por tu comportamiento de navegaci\u00f3n y para medir el rendimiento de nuestra publicidad digital<\/td>\n<\/tr>\n<tr>\n<td>Tapfiliate<\/td>\n<td>Para ayudarnos a recompensar a los socios que nos env\u00edan nuevos clientes<\/td>\n<\/tr>\n<tr>\n<td>Quora<\/td>\n<td>Para ayudarnos a hacer un seguimiento de los resultados de la publicidad en el sitio web de Quora<\/td>\n<\/tr>\n<tr>\n<td>DoubleClick<\/td>\n<td>Para comprobar si tu navegador admite cookies<\/td>\n<\/tr>\n<\/tbody>\n<\/table>\n<\/figure>\n<h3> <\/h3>\n<h3><b>Las cookies y la configuraci\u00f3n de su navegador<\/b><\/h3>\n<p>Para eliminar las cookies previamente establecidas en su navegador, debe borrar los datos de su navegador.<\/p>\n<p>Tambi\u00e9n puede utilizar la configuraci\u00f3n de su navegador para gestionar las cookies, por ejemplo, para desactivarlas por completo. Si lo hace, es posible que algunas partes de nuestro sitio web no funcionen correctamente.<\/p>\n<p>Para obtener m\u00e1s informaci\u00f3n sobre c\u00f3mo gestionar las cookies en los navegadores m\u00e1s populares, haga clic en los siguientes enlaces:<\/p>\n<ol>\n<li><a href=\"https:\/\/support.google.com\/accounts\/answer\/61416?co=GENIE.Platform%253DDesktop&amp;hl=en\" target=\"_blank\" rel=\"noreferrer noopener\">Google Chrome<\/a><\/li>\n<li><a href=\"https:\/\/support.microsoft.com\/en-us\/help\/4468242\/microsoft-edge-browsing-data-and-privacy-microsoft-privacy\" target=\"_blank\" rel=\"noreferrer noopener\">Microsoft Edge<\/a><\/li>\n<li><a href=\"https:\/\/support.mozilla.org\/en-US\/kb\/enable-and-disable-cookies-website-preferences\" target=\"_blank\" rel=\"noreferrer noopener\">Mozilla Firefox<\/a><\/li>\n<li><a href=\"https:\/\/support.microsoft.com\/en-gb\/help\/17442\/windows-internet-explorer-delete-manage-cookies\" target=\"_blank\" rel=\"noreferrer noopener\">Microsoft Internet Explorer<\/a><\/li>\n<li><a href=\"https:\/\/help.opera.com\/en\/latest\/\" target=\"_blank\" rel=\"noreferrer noopener\">\u00d3pera<\/a><\/li>\n<li><a href=\"https:\/\/support.apple.com\/en-gb\/safari\" target=\"_blank\" rel=\"noreferrer noopener\">Safari de Apple<\/a><\/li>\n<\/ol>\n<h3><b> <\/b><b style=\"color: inherit; letter-spacing: -0.7px; background-color: var( --e-global-color-706ed4c );\">Las cookies y su privacidad<\/b><\/h3>\n<p>La informaci\u00f3n que recogen las cookies, y el uso que hacemos de esa informaci\u00f3n, pueden contar como datos personales. Tambi\u00e9n podemos identificarle por su nombre, direcci\u00f3n IP o ID de sesi\u00f3n. Usted tiene derechos sobre c\u00f3mo recogemos, almacenamos y utilizamos sus datos personales.<\/p>\n<p>Puede obtener m\u00e1s informaci\u00f3n sobre c\u00f3mo utilizamos sus datos personales en nuestro <a href=\"https:\/\/www.repricerexpress.com\/es\/aviso-de-privacidad-de-xsellco\/\">Aviso de Privacidad<\/a>.<\/p>\n\t\t\t\t\t\t\t\t<\/div>\n\t\t\t\t<\/div>\n\t\t\t\t\t<\/div>\n\t\t<\/div>\n\t\t\t\t\t<\/div>\n\t\t<\/section>\n\t\t\t\t<\/div>\n\t\t","protected":false},"excerpt":{"rendered":"<p>Aviso sobre cookies de RepricerExpress Mayo de 2025 Este Aviso de Cookies le proporciona informaci\u00f3n sobre las cookies que utilizamos en nuestros sitios web: xsellco.com, edesk.com, repricer.com y replymanager.com y los fines para los que las utilizamos. \u00bfQu\u00e9 son las cookies? Las cookies son peque\u00f1as piezas de datos que los sitios web que usted visita [&hellip;]<\/p>\n","protected":false},"author":4461,"featured_media":0,"parent":0,"menu_order":0,"comment_status":"closed","ping_status":"closed","template":"","meta":{"footnotes":""},"class_list":["post-18590","page","type-page","status-publish","hentry"],"yoast_head":"<!-- This site is optimized with the Yoast SEO plugin v27.5 - https:\/\/yoast.com\/product\/yoast-seo-wordpress\/ -->\n<title>Aviso sobre cookies - RepricerExpress<\/title>\n<meta name=\"description\" content=\"Revisa el aviso sobre cookies de RepricerExpress. Descubre c\u00f3mo garantizamos la transparencia y la protecci\u00f3n de datos de todos los usuarios.\" \/>\n<meta name=\"robots\" content=\"index, follow, max-snippet:-1, max-image-preview:large, max-video-preview:-1\" \/>\n<link rel=\"canonical\" href=\"https:\/\/www.repricerexpress.com\/es\/aviso-sobre-cookies\/\" \/>\n<meta property=\"og:locale\" content=\"es_ES\" \/>\n<meta property=\"og:type\" content=\"article\" \/>\n<meta property=\"og:title\" content=\"Aviso sobre cookies - RepricerExpress\" \/>\n<meta property=\"og:description\" content=\"Revisa el aviso sobre cookies de RepricerExpress. Descubre c\u00f3mo garantizamos la transparencia y la protecci\u00f3n de datos de todos los usuarios.\" \/>\n<meta property=\"og:url\" content=\"https:\/\/www.repricerexpress.com\/es\/aviso-sobre-cookies\/\" \/>\n<meta property=\"og:site_name\" content=\"RepricerExpress\" \/>\n<meta property=\"article:publisher\" content=\"https:\/\/www.facebook.com\/repricerexpress\" \/>\n<meta property=\"article:modified_time\" content=\"2025-04-24T15:16:18+00:00\" \/>\n<meta name=\"twitter:label1\" content=\"Tiempo de lectura\" \/>\n\t<meta name=\"twitter:data1\" content=\"5 minutos\" \/>\n<script type=\"application\/ld+json\" class=\"yoast-schema-graph\">{\"@context\":\"https:\\\/\\\/schema.org\",\"@graph\":[{\"@type\":\"WebPage\",\"@id\":\"https:\\\/\\\/www.repricerexpress.com\\\/es\\\/aviso-sobre-cookies\\\/\",\"url\":\"https:\\\/\\\/www.repricerexpress.com\\\/es\\\/aviso-sobre-cookies\\\/\",\"name\":\"Aviso sobre cookies - RepricerExpress\",\"isPartOf\":{\"@id\":\"https:\\\/\\\/www.repricerexpress.com\\\/es\\\/#website\"},\"datePublished\":\"2024-02-14T20:14:08+00:00\",\"dateModified\":\"2025-04-24T15:16:18+00:00\",\"description\":\"Revisa el aviso sobre cookies de RepricerExpress. Descubre c\u00f3mo garantizamos la transparencia y la protecci\u00f3n de datos de todos los usuarios.\",\"breadcrumb\":{\"@id\":\"https:\\\/\\\/www.repricerexpress.com\\\/es\\\/aviso-sobre-cookies\\\/#breadcrumb\"},\"inLanguage\":\"es\",\"potentialAction\":[{\"@type\":\"ReadAction\",\"target\":[\"https:\\\/\\\/www.repricerexpress.com\\\/es\\\/aviso-sobre-cookies\\\/\"]}]},{\"@type\":\"BreadcrumbList\",\"@id\":\"https:\\\/\\\/www.repricerexpress.com\\\/es\\\/aviso-sobre-cookies\\\/#breadcrumb\",\"itemListElement\":[{\"@type\":\"ListItem\",\"position\":1,\"name\":\"Home\",\"item\":\"https:\\\/\\\/www.repricerexpress.com\\\/es\\\/inicio\\\/\"},{\"@type\":\"ListItem\",\"position\":2,\"name\":\"Aviso sobre cookies\"}]},{\"@type\":\"WebSite\",\"@id\":\"https:\\\/\\\/www.repricerexpress.com\\\/es\\\/#website\",\"url\":\"https:\\\/\\\/www.repricerexpress.com\\\/es\\\/\",\"name\":\"RepricerExpress\",\"description\":\"\",\"publisher\":{\"@id\":\"https:\\\/\\\/www.repricerexpress.com\\\/es\\\/#organization\"},\"potentialAction\":[{\"@type\":\"SearchAction\",\"target\":{\"@type\":\"EntryPoint\",\"urlTemplate\":\"https:\\\/\\\/www.repricerexpress.com\\\/es\\\/?s={search_term_string}\"},\"query-input\":{\"@type\":\"PropertyValueSpecification\",\"valueRequired\":true,\"valueName\":\"search_term_string\"}}],\"inLanguage\":\"es\"},{\"@type\":\"Organization\",\"@id\":\"https:\\\/\\\/www.repricerexpress.com\\\/es\\\/#organization\",\"name\":\"RepricerExpress\",\"url\":\"https:\\\/\\\/www.repricerexpress.com\\\/es\\\/\",\"logo\":{\"@type\":\"ImageObject\",\"inLanguage\":\"es\",\"@id\":\"https:\\\/\\\/www.repricerexpress.com\\\/es\\\/#\\\/schema\\\/logo\\\/image\\\/\",\"url\":\"https:\\\/\\\/www.repricerexpress.com\\\/wp-content\\\/uploads\\\/2023\\\/11\\\/RepricerExpress-Logo.png\",\"contentUrl\":\"https:\\\/\\\/www.repricerexpress.com\\\/wp-content\\\/uploads\\\/2023\\\/11\\\/RepricerExpress-Logo.png\",\"width\":490,\"height\":83,\"caption\":\"RepricerExpress\"},\"image\":{\"@id\":\"https:\\\/\\\/www.repricerexpress.com\\\/es\\\/#\\\/schema\\\/logo\\\/image\\\/\"},\"sameAs\":[\"https:\\\/\\\/www.facebook.com\\\/repricerexpress\",\"https:\\\/\\\/x.com\\\/repricerexpress\",\"https:\\\/\\\/www.instagram.com\\\/repricer.express\\\/\",\"https:\\\/\\\/www.linkedin.com\\\/company\\\/repricerexpress\"]}]}<\/script>\n<!-- \/ Yoast SEO plugin. -->","yoast_head_json":{"title":"Aviso sobre cookies - RepricerExpress","description":"Revisa el aviso sobre cookies de RepricerExpress. Descubre c\u00f3mo garantizamos la transparencia y la protecci\u00f3n de datos de todos los usuarios.","robots":{"index":"index","follow":"follow","max-snippet":"max-snippet:-1","max-image-preview":"max-image-preview:large","max-video-preview":"max-video-preview:-1"},"canonical":"https:\/\/www.repricerexpress.com\/es\/aviso-sobre-cookies\/","og_locale":"es_ES","og_type":"article","og_title":"Aviso sobre cookies - RepricerExpress","og_description":"Revisa el aviso sobre cookies de RepricerExpress. Descubre c\u00f3mo garantizamos la transparencia y la protecci\u00f3n de datos de todos los usuarios.","og_url":"https:\/\/www.repricerexpress.com\/es\/aviso-sobre-cookies\/","og_site_name":"RepricerExpress","article_publisher":"https:\/\/www.facebook.com\/repricerexpress","article_modified_time":"2025-04-24T15:16:18+00:00","twitter_misc":{"Tiempo de lectura":"5 minutos"},"schema":{"@context":"https:\/\/schema.org","@graph":[{"@type":"WebPage","@id":"https:\/\/www.repricerexpress.com\/es\/aviso-sobre-cookies\/","url":"https:\/\/www.repricerexpress.com\/es\/aviso-sobre-cookies\/","name":"Aviso sobre cookies - RepricerExpress","isPartOf":{"@id":"https:\/\/www.repricerexpress.com\/es\/#website"},"datePublished":"2024-02-14T20:14:08+00:00","dateModified":"2025-04-24T15:16:18+00:00","description":"Revisa el aviso sobre cookies de RepricerExpress. Descubre c\u00f3mo garantizamos la transparencia y la protecci\u00f3n de datos de todos los usuarios.","breadcrumb":{"@id":"https:\/\/www.repricerexpress.com\/es\/aviso-sobre-cookies\/#breadcrumb"},"inLanguage":"es","potentialAction":[{"@type":"ReadAction","target":["https:\/\/www.repricerexpress.com\/es\/aviso-sobre-cookies\/"]}]},{"@type":"BreadcrumbList","@id":"https:\/\/www.repricerexpress.com\/es\/aviso-sobre-cookies\/#breadcrumb","itemListElement":[{"@type":"ListItem","position":1,"name":"Home","item":"https:\/\/www.repricerexpress.com\/es\/inicio\/"},{"@type":"ListItem","position":2,"name":"Aviso sobre cookies"}]},{"@type":"WebSite","@id":"https:\/\/www.repricerexpress.com\/es\/#website","url":"https:\/\/www.repricerexpress.com\/es\/","name":"RepricerExpress","description":"","publisher":{"@id":"https:\/\/www.repricerexpress.com\/es\/#organization"},"potentialAction":[{"@type":"SearchAction","target":{"@type":"EntryPoint","urlTemplate":"https:\/\/www.repricerexpress.com\/es\/?s={search_term_string}"},"query-input":{"@type":"PropertyValueSpecification","valueRequired":true,"valueName":"search_term_string"}}],"inLanguage":"es"},{"@type":"Organization","@id":"https:\/\/www.repricerexpress.com\/es\/#organization","name":"RepricerExpress","url":"https:\/\/www.repricerexpress.com\/es\/","logo":{"@type":"ImageObject","inLanguage":"es","@id":"https:\/\/www.repricerexpress.com\/es\/#\/schema\/logo\/image\/","url":"https:\/\/www.repricerexpress.com\/wp-content\/uploads\/2023\/11\/RepricerExpress-Logo.png","contentUrl":"https:\/\/www.repricerexpress.com\/wp-content\/uploads\/2023\/11\/RepricerExpress-Logo.png","width":490,"height":83,"caption":"RepricerExpress"},"image":{"@id":"https:\/\/www.repricerexpress.com\/es\/#\/schema\/logo\/image\/"},"sameAs":["https:\/\/www.facebook.com\/repricerexpress","https:\/\/x.com\/repricerexpress","https:\/\/www.instagram.com\/repricer.express\/","https:\/\/www.linkedin.com\/company\/repricerexpress"]}]}},"_links":{"self":[{"href":"https:\/\/www.repricerexpress.com\/es\/wp-json\/wp\/v2\/pages\/18590","targetHints":{"allow":["GET"]}}],"collection":[{"href":"https:\/\/www.repricerexpress.com\/es\/wp-json\/wp\/v2\/pages"}],"about":[{"href":"https:\/\/www.repricerexpress.com\/es\/wp-json\/wp\/v2\/types\/page"}],"author":[{"embeddable":true,"href":"https:\/\/www.repricerexpress.com\/es\/wp-json\/wp\/v2\/users\/4461"}],"replies":[{"embeddable":true,"href":"https:\/\/www.repricerexpress.com\/es\/wp-json\/wp\/v2\/comments?post=18590"}],"version-history":[{"count":2,"href":"https:\/\/www.repricerexpress.com\/es\/wp-json\/wp\/v2\/pages\/18590\/revisions"}],"predecessor-version":[{"id":22980,"href":"https:\/\/www.repricerexpress.com\/es\/wp-json\/wp\/v2\/pages\/18590\/revisions\/22980"}],"wp:attachment":[{"href":"https:\/\/www.repricerexpress.com\/es\/wp-json\/wp\/v2\/media?parent=18590"}],"curies":[{"name":"wp","href":"https:\/\/api.w.org\/{rel}","templated":true}]}}