{"id":23468,"date":"2025-08-13T17:01:43","date_gmt":"2025-08-13T16:01:43","guid":{"rendered":"https:\/\/www.repricerexpress.com\/declaracion-de-accesibilidad\/"},"modified":"2025-08-19T15:19:55","modified_gmt":"2025-08-19T14:19:55","slug":"declaracion-de-accesibilidad","status":"publish","type":"page","link":"https:\/\/www.repricerexpress.com\/es\/declaracion-de-accesibilidad\/","title":{"rendered":"Declaraci\u00f3n de accesibilidad"},"content":{"rendered":"\n<p><a href=\"https:\/\/www.repricerexpress.com\/es\/\">Repricerexpress.com<\/a> se compromete a garantizar la accesibilidad digital a todos los usuarios, incluidas las personas con discapacidad. Mejoramos continuamente la experiencia de usuario para todos y aplicamos las normas de accesibilidad pertinentes. <\/p>\n\n<h2 class=\"wp-block-heading\">Medidas de apoyo a la accesibilidad<\/h2>\n\n<p>Tomamos las siguientes medidas para garantizar la accesibilidad de<a href=\"https:\/\/www.repricerexpress.com\/es\/\"> Repricerexpress.com<\/a>:  <\/p>\n\n<ul class=\"wp-block-list\">\n<li>Incluir la accesibilidad como parte de nuestra misi\u00f3n y pr\u00e1cticas de desarrollo<\/li>\n\n\n\n<li>Utiliza HTML sem\u00e1ntico y una estructura de encabezados adecuada<\/li>\n\n\n\n<li>Optimizar la navegaci\u00f3n del sitio para los usuarios de teclado<\/li>\n\n\n\n<li>Realizar peri\u00f3dicamente auditor\u00edas y pruebas de accesibilidad<\/li>\n\n\n\n<li>Proporciona alternativas de texto para todos los contenidos no textuales<\/li>\n<\/ul>\n\n<h2 class=\"wp-block-heading\">Estado de conformidad<\/h2>\n\n<p>Nuestro objetivo es cumplir las<strong> Pautas de Accesibilidad al Contenido en la Web (WCAG) 2.1 Nivel AA<\/strong>. Estamos trabajando activamente para cumplir estas normas en todas las p\u00e1ginas y caracter\u00edsticas del sitio. <\/p>\n\n<h2 class=\"wp-block-heading\">Pruebas y herramientas<\/h2>\n\n<p>Utilizamos regularmente herramientas como<\/p>\n\n<ul class=\"wp-block-list\">\n<li>Informe de accesibilidad del Faro<\/li>\n\n\n\n<li>Comprobador de accesibilidad Axe<\/li>\n\n\n\n<li>Lectores de pantalla como NVDA y VoiceOver para identificar y solucionar problemas de accesibilidad.<\/li>\n<\/ul>\n\n<h2 class=\"wp-block-heading\">Feedback<\/h2>\n\n<p>Agradecemos tus comentarios sobre la accesibilidad de <a href=\"https:\/\/www.repricerexpress.com\/es\/\">Repricerexpress.com<\/a>. Si experimentas alg\u00fan obst\u00e1culo, h\u00e1znoslo saber: <\/p>\n\n<p>Correo electr\u00f3nico: <a href=\"mailto:support@repricer.com\">support@repricer.com<\/a><\/p>\n\n<p>Tel:<a href=\"tel:+35316856340\"> +353 1 685 6340<\/a><\/p>\n\n<p>Nuestro objetivo es responder a los Feedback sobre accesibilidad en un plazo de 2-3 d\u00edas laborables.<\/p>\n\n<h3 class=\"wp-block-heading\">Declaraci\u00f3n actualizada<\/h3>\n\n<p>Esta declaraci\u00f3n de accesibilidad se actualiz\u00f3 por \u00faltima vez el: 21 de julio de 2025<\/p>\n","protected":false},"excerpt":{"rendered":"<p>Repricerexpress.com se compromete a garantizar la accesibilidad digital a todos los usuarios, incluidas las personas con discapacidad. Mejoramos continuamente la experiencia de usuario para todos y aplicamos las normas de accesibilidad pertinentes. Medidas de apoyo a la accesibilidad Tomamos las siguientes medidas para garantizar la accesibilidad de Repricerexpress.com: Estado de conformidad Nuestro objetivo es cumplir [&hellip;]<\/p>\n","protected":false},"author":4475,"featured_media":0,"parent":0,"menu_order":0,"comment_status":"closed","ping_status":"closed","template":"","meta":{"footnotes":""},"class_list":["post-23468","page","type-page","status-publish","hentry"],"yoast_head":"<!-- This site is optimized with the Yoast SEO plugin v27.3 - https:\/\/yoast.com\/product\/yoast-seo-wordpress\/ -->\n<title>Declaraci\u00f3n de accesibilidad - RepricerExpress<\/title>\n<meta name=\"description\" content=\"RepricerExpress se compromete a la accesibilidad digital. Lea nuestra declaraci\u00f3n de accesibilidad para obtener m\u00e1s informaci\u00f3n sobre nuestro compromiso.\" \/>\n<meta name=\"robots\" content=\"index, follow, max-snippet:-1, max-image-preview:large, max-video-preview:-1\" \/>\n<link rel=\"canonical\" href=\"https:\/\/www.repricerexpress.com\/es\/declaracion-de-accesibilidad\/\" \/>\n<meta property=\"og:locale\" content=\"es_ES\" \/>\n<meta property=\"og:type\" content=\"article\" \/>\n<meta property=\"og:title\" content=\"Declaraci\u00f3n de accesibilidad - RepricerExpress\" \/>\n<meta property=\"og:description\" content=\"RepricerExpress se compromete a la accesibilidad digital. Lea nuestra declaraci\u00f3n de accesibilidad para obtener m\u00e1s informaci\u00f3n sobre nuestro compromiso.\" \/>\n<meta property=\"og:url\" content=\"https:\/\/www.repricerexpress.com\/es\/declaracion-de-accesibilidad\/\" \/>\n<meta property=\"og:site_name\" content=\"RepricerExpress\" \/>\n<meta property=\"article:publisher\" content=\"https:\/\/www.facebook.com\/repricerexpress\" \/>\n<meta property=\"article:modified_time\" content=\"2025-08-19T14:19:55+00:00\" \/>\n<meta name=\"twitter:label1\" content=\"Tiempo de lectura\" \/>\n\t<meta name=\"twitter:data1\" content=\"1 minuto\" \/>\n<script type=\"application\/ld+json\" class=\"yoast-schema-graph\">{\"@context\":\"https:\\\/\\\/schema.org\",\"@graph\":[{\"@type\":\"WebPage\",\"@id\":\"https:\\\/\\\/www.repricerexpress.com\\\/es\\\/declaracion-de-accesibilidad\\\/\",\"url\":\"https:\\\/\\\/www.repricerexpress.com\\\/es\\\/declaracion-de-accesibilidad\\\/\",\"name\":\"Declaraci\u00f3n de accesibilidad - RepricerExpress\",\"isPartOf\":{\"@id\":\"https:\\\/\\\/www.repricerexpress.com\\\/es\\\/#website\"},\"datePublished\":\"2025-08-13T16:01:43+00:00\",\"dateModified\":\"2025-08-19T14:19:55+00:00\",\"description\":\"RepricerExpress se compromete a la accesibilidad digital. Lea nuestra declaraci\u00f3n de accesibilidad para obtener m\u00e1s informaci\u00f3n sobre nuestro compromiso.\",\"breadcrumb\":{\"@id\":\"https:\\\/\\\/www.repricerexpress.com\\\/es\\\/declaracion-de-accesibilidad\\\/#breadcrumb\"},\"inLanguage\":\"es\",\"potentialAction\":[{\"@type\":\"ReadAction\",\"target\":[\"https:\\\/\\\/www.repricerexpress.com\\\/es\\\/declaracion-de-accesibilidad\\\/\"]}]},{\"@type\":\"BreadcrumbList\",\"@id\":\"https:\\\/\\\/www.repricerexpress.com\\\/es\\\/declaracion-de-accesibilidad\\\/#breadcrumb\",\"itemListElement\":[{\"@type\":\"ListItem\",\"position\":1,\"name\":\"Home\",\"item\":\"https:\\\/\\\/www.repricerexpress.com\\\/es\\\/inicio\\\/\"},{\"@type\":\"ListItem\",\"position\":2,\"name\":\"Declaraci\u00f3n de accesibilidad\"}]},{\"@type\":\"WebSite\",\"@id\":\"https:\\\/\\\/www.repricerexpress.com\\\/es\\\/#website\",\"url\":\"https:\\\/\\\/www.repricerexpress.com\\\/es\\\/\",\"name\":\"RepricerExpress\",\"description\":\"\",\"publisher\":{\"@id\":\"https:\\\/\\\/www.repricerexpress.com\\\/es\\\/#organization\"},\"potentialAction\":[{\"@type\":\"SearchAction\",\"target\":{\"@type\":\"EntryPoint\",\"urlTemplate\":\"https:\\\/\\\/www.repricerexpress.com\\\/es\\\/?s={search_term_string}\"},\"query-input\":{\"@type\":\"PropertyValueSpecification\",\"valueRequired\":true,\"valueName\":\"search_term_string\"}}],\"inLanguage\":\"es\"},{\"@type\":\"Organization\",\"@id\":\"https:\\\/\\\/www.repricerexpress.com\\\/es\\\/#organization\",\"name\":\"RepricerExpress\",\"url\":\"https:\\\/\\\/www.repricerexpress.com\\\/es\\\/\",\"logo\":{\"@type\":\"ImageObject\",\"inLanguage\":\"es\",\"@id\":\"https:\\\/\\\/www.repricerexpress.com\\\/es\\\/#\\\/schema\\\/logo\\\/image\\\/\",\"url\":\"https:\\\/\\\/www.repricerexpress.com\\\/wp-content\\\/uploads\\\/2023\\\/11\\\/RepricerExpress-Logo.png\",\"contentUrl\":\"https:\\\/\\\/www.repricerexpress.com\\\/wp-content\\\/uploads\\\/2023\\\/11\\\/RepricerExpress-Logo.png\",\"width\":490,\"height\":83,\"caption\":\"RepricerExpress\"},\"image\":{\"@id\":\"https:\\\/\\\/www.repricerexpress.com\\\/es\\\/#\\\/schema\\\/logo\\\/image\\\/\"},\"sameAs\":[\"https:\\\/\\\/www.facebook.com\\\/repricerexpress\",\"https:\\\/\\\/x.com\\\/repricerexpress\",\"https:\\\/\\\/www.instagram.com\\\/repricer.express\\\/\",\"https:\\\/\\\/www.linkedin.com\\\/company\\\/repricerexpress\"]}]}<\/script>\n<!-- \/ Yoast SEO plugin. -->","yoast_head_json":{"title":"Declaraci\u00f3n de accesibilidad - RepricerExpress","description":"RepricerExpress se compromete a la accesibilidad digital. Lea nuestra declaraci\u00f3n de accesibilidad para obtener m\u00e1s informaci\u00f3n sobre nuestro compromiso.","robots":{"index":"index","follow":"follow","max-snippet":"max-snippet:-1","max-image-preview":"max-image-preview:large","max-video-preview":"max-video-preview:-1"},"canonical":"https:\/\/www.repricerexpress.com\/es\/declaracion-de-accesibilidad\/","og_locale":"es_ES","og_type":"article","og_title":"Declaraci\u00f3n de accesibilidad - RepricerExpress","og_description":"RepricerExpress se compromete a la accesibilidad digital. Lea nuestra declaraci\u00f3n de accesibilidad para obtener m\u00e1s informaci\u00f3n sobre nuestro compromiso.","og_url":"https:\/\/www.repricerexpress.com\/es\/declaracion-de-accesibilidad\/","og_site_name":"RepricerExpress","article_publisher":"https:\/\/www.facebook.com\/repricerexpress","article_modified_time":"2025-08-19T14:19:55+00:00","twitter_misc":{"Tiempo de lectura":"1 minuto"},"schema":{"@context":"https:\/\/schema.org","@graph":[{"@type":"WebPage","@id":"https:\/\/www.repricerexpress.com\/es\/declaracion-de-accesibilidad\/","url":"https:\/\/www.repricerexpress.com\/es\/declaracion-de-accesibilidad\/","name":"Declaraci\u00f3n de accesibilidad - RepricerExpress","isPartOf":{"@id":"https:\/\/www.repricerexpress.com\/es\/#website"},"datePublished":"2025-08-13T16:01:43+00:00","dateModified":"2025-08-19T14:19:55+00:00","description":"RepricerExpress se compromete a la accesibilidad digital. Lea nuestra declaraci\u00f3n de accesibilidad para obtener m\u00e1s informaci\u00f3n sobre nuestro compromiso.","breadcrumb":{"@id":"https:\/\/www.repricerexpress.com\/es\/declaracion-de-accesibilidad\/#breadcrumb"},"inLanguage":"es","potentialAction":[{"@type":"ReadAction","target":["https:\/\/www.repricerexpress.com\/es\/declaracion-de-accesibilidad\/"]}]},{"@type":"BreadcrumbList","@id":"https:\/\/www.repricerexpress.com\/es\/declaracion-de-accesibilidad\/#breadcrumb","itemListElement":[{"@type":"ListItem","position":1,"name":"Home","item":"https:\/\/www.repricerexpress.com\/es\/inicio\/"},{"@type":"ListItem","position":2,"name":"Declaraci\u00f3n de accesibilidad"}]},{"@type":"WebSite","@id":"https:\/\/www.repricerexpress.com\/es\/#website","url":"https:\/\/www.repricerexpress.com\/es\/","name":"RepricerExpress","description":"","publisher":{"@id":"https:\/\/www.repricerexpress.com\/es\/#organization"},"potentialAction":[{"@type":"SearchAction","target":{"@type":"EntryPoint","urlTemplate":"https:\/\/www.repricerexpress.com\/es\/?s={search_term_string}"},"query-input":{"@type":"PropertyValueSpecification","valueRequired":true,"valueName":"search_term_string"}}],"inLanguage":"es"},{"@type":"Organization","@id":"https:\/\/www.repricerexpress.com\/es\/#organization","name":"RepricerExpress","url":"https:\/\/www.repricerexpress.com\/es\/","logo":{"@type":"ImageObject","inLanguage":"es","@id":"https:\/\/www.repricerexpress.com\/es\/#\/schema\/logo\/image\/","url":"https:\/\/www.repricerexpress.com\/wp-content\/uploads\/2023\/11\/RepricerExpress-Logo.png","contentUrl":"https:\/\/www.repricerexpress.com\/wp-content\/uploads\/2023\/11\/RepricerExpress-Logo.png","width":490,"height":83,"caption":"RepricerExpress"},"image":{"@id":"https:\/\/www.repricerexpress.com\/es\/#\/schema\/logo\/image\/"},"sameAs":["https:\/\/www.facebook.com\/repricerexpress","https:\/\/x.com\/repricerexpress","https:\/\/www.instagram.com\/repricer.express\/","https:\/\/www.linkedin.com\/company\/repricerexpress"]}]}},"_links":{"self":[{"href":"https:\/\/www.repricerexpress.com\/es\/wp-json\/wp\/v2\/pages\/23468","targetHints":{"allow":["GET"]}}],"collection":[{"href":"https:\/\/www.repricerexpress.com\/es\/wp-json\/wp\/v2\/pages"}],"about":[{"href":"https:\/\/www.repricerexpress.com\/es\/wp-json\/wp\/v2\/types\/page"}],"author":[{"embeddable":true,"href":"https:\/\/www.repricerexpress.com\/es\/wp-json\/wp\/v2\/users\/4475"}],"replies":[{"embeddable":true,"href":"https:\/\/www.repricerexpress.com\/es\/wp-json\/wp\/v2\/comments?post=23468"}],"version-history":[{"count":1,"href":"https:\/\/www.repricerexpress.com\/es\/wp-json\/wp\/v2\/pages\/23468\/revisions"}],"predecessor-version":[{"id":23469,"href":"https:\/\/www.repricerexpress.com\/es\/wp-json\/wp\/v2\/pages\/23468\/revisions\/23469"}],"wp:attachment":[{"href":"https:\/\/www.repricerexpress.com\/es\/wp-json\/wp\/v2\/media?parent=23468"}],"curies":[{"name":"wp","href":"https:\/\/api.w.org\/{rel}","templated":true}]}}