{"id":23472,"date":"2025-08-13T17:01:44","date_gmt":"2025-08-13T16:01:44","guid":{"rendered":"https:\/\/www.repricerexpress.com\/declaration-daccessibilite\/"},"modified":"2025-08-19T15:17:02","modified_gmt":"2025-08-19T14:17:02","slug":"declaration-daccessibilite","status":"publish","type":"page","link":"https:\/\/www.repricerexpress.com\/fr\/declaration-daccessibilite\/","title":{"rendered":"D\u00e9claration d&rsquo;accessibilit\u00e9"},"content":{"rendered":"\n<p><a href=\"https:\/\/www.repricerexpress.com\/fr\/\">Repricerexpress.com<\/a> s&rsquo;engage \u00e0 garantir l&rsquo;accessibilit\u00e9 num\u00e9rique pour tous les utilisateurs, y compris les personnes handicap\u00e9es. Nous am\u00e9liorons continuellement l&rsquo;exp\u00e9rience utilisateur pour tous et appliquons les normes d&rsquo;accessibilit\u00e9 pertinentes. <\/p>\n\n<h2 class=\"wp-block-heading\">Mesures en faveur de l&rsquo;accessibilit\u00e9<\/h2>\n\n<p>Nous prenons les mesures suivantes pour assurer l&rsquo;accessibilit\u00e9 du<a href=\"https:\/\/www.repricerexpress.com\/fr\/\"> site Repricerexpress.com :<\/a> <\/p>\n\n<ul class=\"wp-block-list\">\n<li>Int\u00e9grer l&rsquo;accessibilit\u00e9 dans notre mission et nos pratiques de d\u00e9veloppement<\/li>\n\n\n\n<li>Utilisez un code HTML s\u00e9mantique et une structure d&rsquo;en-t\u00eate appropri\u00e9e<\/li>\n\n\n\n<li>Optimiser la navigation sur le site pour les utilisateurs de clavier<\/li>\n\n\n\n<li>Effectuer r\u00e9guli\u00e8rement des audits et des tests d&rsquo;accessibilit\u00e9<\/li>\n\n\n\n<li>Fournir des alternatives textuelles pour tous les contenus non textuels<\/li>\n<\/ul>\n\n<h2 class=\"wp-block-heading\">\u00c9tat de conformit\u00e9<\/h2>\n\n<p>Notre objectif est de nous conformer aux<strong> lignes directrices pour l&rsquo;accessibilit\u00e9 des contenus web (WCAG) 2.1 niveau AA.<\/strong> Nous nous effor\u00e7ons activement de respecter ces normes dans toutes les pages et caract\u00e9ristiques du site. <\/p>\n\n<h2 class=\"wp-block-heading\">Tests et outils<\/h2>\n\n<p>Nous utilisons r\u00e9guli\u00e8rement des outils tels que :<\/p>\n\n<ul class=\"wp-block-list\">\n<li>Rapport sur l&rsquo;accessibilit\u00e9 du phare<\/li>\n\n\n\n<li>V\u00e9rificateur d&rsquo;accessibilit\u00e9 de la hache<\/li>\n\n\n\n<li>Des lecteurs d&rsquo;\u00e9cran tels que NVDA et VoiceOver pour identifier et r\u00e9soudre les probl\u00e8mes d&rsquo;accessibilit\u00e9.<\/li>\n<\/ul>\n\n<h2 class=\"wp-block-heading\">Feedback<\/h2>\n\n<p>Vos commentaires sur l&rsquo;accessibilit\u00e9 de <a href=\"https:\/\/www.repricerexpress.com\/fr\/\">Repricerexpress.com<\/a> sont les bienvenus. Si vous rencontrez des obstacles, n&rsquo;h\u00e9sitez pas \u00e0 nous en faire part : <\/p>\n\n<p>Courriel : <a href=\"mailto:support@repricer.com\">support@repricer.com<\/a><\/p>\n\n<p>T\u00e9l\u00e9phone : +353 1 685 6340<a href=\"tel:+35316856340\"> +353 1 685 6340<\/a><\/p>\n\n<p>Nous nous effor\u00e7ons de r\u00e9pondre aux feedbacks d&rsquo;accessibilit\u00e9 dans un d\u00e9lai de 2 \u00e0 3 jours ouvrables.<\/p>\n\n<h3 class=\"wp-block-heading\">D\u00e9claration mise \u00e0 jour<\/h3>\n\n<p>Cette d\u00e9claration d&rsquo;accessibilit\u00e9 a \u00e9t\u00e9 mise \u00e0 jour pour la derni\u00e8re fois le : 21 juillet 2025<\/p>\n","protected":false},"excerpt":{"rendered":"<p>Repricerexpress.com s&rsquo;engage \u00e0 garantir l&rsquo;accessibilit\u00e9 num\u00e9rique pour tous les utilisateurs, y compris les personnes handicap\u00e9es. Nous am\u00e9liorons continuellement l&rsquo;exp\u00e9rience utilisateur pour tous et appliquons les normes d&rsquo;accessibilit\u00e9 pertinentes. Mesures en faveur de l&rsquo;accessibilit\u00e9 Nous prenons les mesures suivantes pour assurer l&rsquo;accessibilit\u00e9 du site Repricerexpress.com : \u00c9tat de conformit\u00e9 Notre objectif est de nous conformer aux [&hellip;]<\/p>\n","protected":false},"author":4475,"featured_media":0,"parent":0,"menu_order":0,"comment_status":"closed","ping_status":"closed","template":"","meta":{"footnotes":""},"class_list":["post-23472","page","type-page","status-publish","hentry"],"yoast_head":"<!-- This site is optimized with the Yoast SEO plugin v27.3 - https:\/\/yoast.com\/product\/yoast-seo-wordpress\/ -->\n<title>D\u00e9claration d&#039;accessibilit\u00e9 - RepricerExpress<\/title>\n<meta name=\"description\" content=\"RepricerExpress s&#039;engage pour l&#039;accessibilit\u00e9 num\u00e9rique. Consultez notre d\u00e9claration d&#039;accessibilit\u00e9 pour en savoir plus sur notre engagement.\" \/>\n<meta name=\"robots\" content=\"index, follow, max-snippet:-1, max-image-preview:large, max-video-preview:-1\" \/>\n<link rel=\"canonical\" href=\"https:\/\/www.repricerexpress.com\/fr\/declaration-daccessibilite\/\" \/>\n<meta property=\"og:locale\" content=\"fr_FR\" \/>\n<meta property=\"og:type\" content=\"article\" \/>\n<meta property=\"og:title\" content=\"D\u00e9claration d&#039;accessibilit\u00e9 - RepricerExpress\" \/>\n<meta property=\"og:description\" content=\"RepricerExpress s&#039;engage pour l&#039;accessibilit\u00e9 num\u00e9rique. Consultez notre d\u00e9claration d&#039;accessibilit\u00e9 pour en savoir plus sur notre engagement.\" \/>\n<meta property=\"og:url\" content=\"https:\/\/www.repricerexpress.com\/fr\/declaration-daccessibilite\/\" \/>\n<meta property=\"og:site_name\" content=\"RepricerExpress\" \/>\n<meta property=\"article:publisher\" content=\"https:\/\/www.facebook.com\/repricerexpress\" \/>\n<meta property=\"article:modified_time\" content=\"2025-08-19T14:17:02+00:00\" \/>\n<meta name=\"twitter:label1\" content=\"Dur\u00e9e de lecture estim\u00e9e\" \/>\n\t<meta name=\"twitter:data1\" content=\"2 minutes\" \/>\n<script type=\"application\/ld+json\" class=\"yoast-schema-graph\">{\"@context\":\"https:\\\/\\\/schema.org\",\"@graph\":[{\"@type\":\"WebPage\",\"@id\":\"https:\\\/\\\/www.repricerexpress.com\\\/fr\\\/declaration-daccessibilite\\\/\",\"url\":\"https:\\\/\\\/www.repricerexpress.com\\\/fr\\\/declaration-daccessibilite\\\/\",\"name\":\"D\u00e9claration d'accessibilit\u00e9 - RepricerExpress\",\"isPartOf\":{\"@id\":\"https:\\\/\\\/www.repricerexpress.com\\\/fr\\\/#website\"},\"datePublished\":\"2025-08-13T16:01:44+00:00\",\"dateModified\":\"2025-08-19T14:17:02+00:00\",\"description\":\"RepricerExpress s'engage pour l'accessibilit\u00e9 num\u00e9rique. Consultez notre d\u00e9claration d'accessibilit\u00e9 pour en savoir plus sur notre engagement.\",\"breadcrumb\":{\"@id\":\"https:\\\/\\\/www.repricerexpress.com\\\/fr\\\/declaration-daccessibilite\\\/#breadcrumb\"},\"inLanguage\":\"fr-FR\",\"potentialAction\":[{\"@type\":\"ReadAction\",\"target\":[\"https:\\\/\\\/www.repricerexpress.com\\\/fr\\\/declaration-daccessibilite\\\/\"]}]},{\"@type\":\"BreadcrumbList\",\"@id\":\"https:\\\/\\\/www.repricerexpress.com\\\/fr\\\/declaration-daccessibilite\\\/#breadcrumb\",\"itemListElement\":[{\"@type\":\"ListItem\",\"position\":1,\"name\":\"Home\",\"item\":\"https:\\\/\\\/www.repricerexpress.com\\\/fr\\\/accueil\\\/\"},{\"@type\":\"ListItem\",\"position\":2,\"name\":\"D\u00e9claration d&#8217;accessibilit\u00e9\"}]},{\"@type\":\"WebSite\",\"@id\":\"https:\\\/\\\/www.repricerexpress.com\\\/fr\\\/#website\",\"url\":\"https:\\\/\\\/www.repricerexpress.com\\\/fr\\\/\",\"name\":\"RepricerExpress\",\"description\":\"\",\"publisher\":{\"@id\":\"https:\\\/\\\/www.repricerexpress.com\\\/fr\\\/#organization\"},\"potentialAction\":[{\"@type\":\"SearchAction\",\"target\":{\"@type\":\"EntryPoint\",\"urlTemplate\":\"https:\\\/\\\/www.repricerexpress.com\\\/fr\\\/?s={search_term_string}\"},\"query-input\":{\"@type\":\"PropertyValueSpecification\",\"valueRequired\":true,\"valueName\":\"search_term_string\"}}],\"inLanguage\":\"fr-FR\"},{\"@type\":\"Organization\",\"@id\":\"https:\\\/\\\/www.repricerexpress.com\\\/fr\\\/#organization\",\"name\":\"RepricerExpress\",\"url\":\"https:\\\/\\\/www.repricerexpress.com\\\/fr\\\/\",\"logo\":{\"@type\":\"ImageObject\",\"inLanguage\":\"fr-FR\",\"@id\":\"https:\\\/\\\/www.repricerexpress.com\\\/fr\\\/#\\\/schema\\\/logo\\\/image\\\/\",\"url\":\"https:\\\/\\\/www.repricerexpress.com\\\/wp-content\\\/uploads\\\/2023\\\/11\\\/RepricerExpress-Logo.png\",\"contentUrl\":\"https:\\\/\\\/www.repricerexpress.com\\\/wp-content\\\/uploads\\\/2023\\\/11\\\/RepricerExpress-Logo.png\",\"width\":490,\"height\":83,\"caption\":\"RepricerExpress\"},\"image\":{\"@id\":\"https:\\\/\\\/www.repricerexpress.com\\\/fr\\\/#\\\/schema\\\/logo\\\/image\\\/\"},\"sameAs\":[\"https:\\\/\\\/www.facebook.com\\\/repricerexpress\",\"https:\\\/\\\/x.com\\\/repricerexpress\",\"https:\\\/\\\/www.instagram.com\\\/repricer.express\\\/\",\"https:\\\/\\\/www.linkedin.com\\\/company\\\/repricerexpress\"]}]}<\/script>\n<!-- \/ Yoast SEO plugin. -->","yoast_head_json":{"title":"D\u00e9claration d'accessibilit\u00e9 - RepricerExpress","description":"RepricerExpress s'engage pour l'accessibilit\u00e9 num\u00e9rique. Consultez notre d\u00e9claration d'accessibilit\u00e9 pour en savoir plus sur notre engagement.","robots":{"index":"index","follow":"follow","max-snippet":"max-snippet:-1","max-image-preview":"max-image-preview:large","max-video-preview":"max-video-preview:-1"},"canonical":"https:\/\/www.repricerexpress.com\/fr\/declaration-daccessibilite\/","og_locale":"fr_FR","og_type":"article","og_title":"D\u00e9claration d'accessibilit\u00e9 - RepricerExpress","og_description":"RepricerExpress s'engage pour l'accessibilit\u00e9 num\u00e9rique. Consultez notre d\u00e9claration d'accessibilit\u00e9 pour en savoir plus sur notre engagement.","og_url":"https:\/\/www.repricerexpress.com\/fr\/declaration-daccessibilite\/","og_site_name":"RepricerExpress","article_publisher":"https:\/\/www.facebook.com\/repricerexpress","article_modified_time":"2025-08-19T14:17:02+00:00","twitter_misc":{"Dur\u00e9e de lecture estim\u00e9e":"2 minutes"},"schema":{"@context":"https:\/\/schema.org","@graph":[{"@type":"WebPage","@id":"https:\/\/www.repricerexpress.com\/fr\/declaration-daccessibilite\/","url":"https:\/\/www.repricerexpress.com\/fr\/declaration-daccessibilite\/","name":"D\u00e9claration d'accessibilit\u00e9 - RepricerExpress","isPartOf":{"@id":"https:\/\/www.repricerexpress.com\/fr\/#website"},"datePublished":"2025-08-13T16:01:44+00:00","dateModified":"2025-08-19T14:17:02+00:00","description":"RepricerExpress s'engage pour l'accessibilit\u00e9 num\u00e9rique. Consultez notre d\u00e9claration d'accessibilit\u00e9 pour en savoir plus sur notre engagement.","breadcrumb":{"@id":"https:\/\/www.repricerexpress.com\/fr\/declaration-daccessibilite\/#breadcrumb"},"inLanguage":"fr-FR","potentialAction":[{"@type":"ReadAction","target":["https:\/\/www.repricerexpress.com\/fr\/declaration-daccessibilite\/"]}]},{"@type":"BreadcrumbList","@id":"https:\/\/www.repricerexpress.com\/fr\/declaration-daccessibilite\/#breadcrumb","itemListElement":[{"@type":"ListItem","position":1,"name":"Home","item":"https:\/\/www.repricerexpress.com\/fr\/accueil\/"},{"@type":"ListItem","position":2,"name":"D\u00e9claration d&#8217;accessibilit\u00e9"}]},{"@type":"WebSite","@id":"https:\/\/www.repricerexpress.com\/fr\/#website","url":"https:\/\/www.repricerexpress.com\/fr\/","name":"RepricerExpress","description":"","publisher":{"@id":"https:\/\/www.repricerexpress.com\/fr\/#organization"},"potentialAction":[{"@type":"SearchAction","target":{"@type":"EntryPoint","urlTemplate":"https:\/\/www.repricerexpress.com\/fr\/?s={search_term_string}"},"query-input":{"@type":"PropertyValueSpecification","valueRequired":true,"valueName":"search_term_string"}}],"inLanguage":"fr-FR"},{"@type":"Organization","@id":"https:\/\/www.repricerexpress.com\/fr\/#organization","name":"RepricerExpress","url":"https:\/\/www.repricerexpress.com\/fr\/","logo":{"@type":"ImageObject","inLanguage":"fr-FR","@id":"https:\/\/www.repricerexpress.com\/fr\/#\/schema\/logo\/image\/","url":"https:\/\/www.repricerexpress.com\/wp-content\/uploads\/2023\/11\/RepricerExpress-Logo.png","contentUrl":"https:\/\/www.repricerexpress.com\/wp-content\/uploads\/2023\/11\/RepricerExpress-Logo.png","width":490,"height":83,"caption":"RepricerExpress"},"image":{"@id":"https:\/\/www.repricerexpress.com\/fr\/#\/schema\/logo\/image\/"},"sameAs":["https:\/\/www.facebook.com\/repricerexpress","https:\/\/x.com\/repricerexpress","https:\/\/www.instagram.com\/repricer.express\/","https:\/\/www.linkedin.com\/company\/repricerexpress"]}]}},"_links":{"self":[{"href":"https:\/\/www.repricerexpress.com\/fr\/wp-json\/wp\/v2\/pages\/23472","targetHints":{"allow":["GET"]}}],"collection":[{"href":"https:\/\/www.repricerexpress.com\/fr\/wp-json\/wp\/v2\/pages"}],"about":[{"href":"https:\/\/www.repricerexpress.com\/fr\/wp-json\/wp\/v2\/types\/page"}],"author":[{"embeddable":true,"href":"https:\/\/www.repricerexpress.com\/fr\/wp-json\/wp\/v2\/users\/4475"}],"replies":[{"embeddable":true,"href":"https:\/\/www.repricerexpress.com\/fr\/wp-json\/wp\/v2\/comments?post=23472"}],"version-history":[{"count":1,"href":"https:\/\/www.repricerexpress.com\/fr\/wp-json\/wp\/v2\/pages\/23472\/revisions"}],"predecessor-version":[{"id":23473,"href":"https:\/\/www.repricerexpress.com\/fr\/wp-json\/wp\/v2\/pages\/23472\/revisions\/23473"}],"wp:attachment":[{"href":"https:\/\/www.repricerexpress.com\/fr\/wp-json\/wp\/v2\/media?parent=23472"}],"curies":[{"name":"wp","href":"https:\/\/api.w.org\/{rel}","templated":true}]}}