{"id":47431,"date":"2025-09-19T16:24:41","date_gmt":"2025-09-19T15:24:41","guid":{"rendered":"https:\/\/www.repricerexpress.com\/reservez-une-demonstration-rep-export\/"},"modified":"2025-09-19T16:24:41","modified_gmt":"2025-09-19T15:24:41","slug":"reservez-une-demonstration-rep-export","status":"publish","type":"page","link":"https:\/\/www.repricerexpress.com\/fr\/reservez-une-demonstration-rep-export\/","title":{"rendered":"R\u00e9servez une d\u00e9monstration &#8211; REP Export"},"content":{"rendered":"\t\t<div data-elementor-type=\"wp-page\" data-elementor-id=\"47431\" class=\"elementor elementor-47431 elementor-47336\" data-elementor-post-type=\"page\">\n\t\t\t\t<div class=\"elementor-element elementor-element-4fb943d6 e-flex e-con-boxed e-con e-parent\" data-id=\"4fb943d6\" data-element_type=\"container\" data-e-type=\"container\">\n\t\t\t\t\t<div class=\"e-con-inner\">\n\t\t<div class=\"elementor-element elementor-element-2da32950 e-con-full e-flex e-con e-child\" data-id=\"2da32950\" data-element_type=\"container\" data-e-type=\"container\">\n\t\t\t\t<div class=\"elementor-element elementor-element-b2fa106 elementor-widget elementor-widget-text-editor\" data-id=\"b2fa106\" data-element_type=\"widget\" data-e-type=\"widget\" data-widget_type=\"text-editor.default\">\n\t\t\t\t<div class=\"elementor-widget-container\">\n\t\t\t\t\t\t\t\t\t<span class=\"tag--main tag--purple\">R\u00e9servez une d\u00e9mo !<\/span>\t\t\t\t\t\t\t\t<\/div>\n\t\t\t\t<\/div>\n\t\t\t\t<div class=\"elementor-element elementor-element-77a9bec elementor-widget elementor-widget-heading\" data-id=\"77a9bec\" data-element_type=\"widget\" data-e-type=\"widget\" data-widget_type=\"heading.default\">\n\t\t\t\t<div class=\"elementor-widget-container\">\n\t\t\t\t\t<h2 class=\"elementor-heading-title elementor-size-default\">Parlez avec un expert en repricing au moment qui vous convient le mieux<\/h2>\t\t\t\t<\/div>\n\t\t\t\t<\/div>\n\t\t\t\t<div class=\"elementor-element elementor-element-160fd8a7 elementor-widget elementor-widget-heading\" data-id=\"160fd8a7\" data-element_type=\"widget\" data-e-type=\"widget\" data-widget_type=\"heading.default\">\n\t\t\t\t<div class=\"elementor-widget-container\">\n\t\t\t\t\t<h2 class=\"elementor-heading-title elementor-size-default\">Obtenez une pr\u00e9sentation personnalis\u00e9e de RepricerExpress et voyez comment il peut vous aider \u00e0 augmenter vos ventes et vos profits sur Amazon :<\/h2>\t\t\t\t<\/div>\n\t\t\t\t<\/div>\n\t\t\t\t<div class=\"elementor-element elementor-element-2c1334e8 elementor-icon-list--layout-traditional elementor-list-item-link-full_width elementor-widget elementor-widget-icon-list\" data-id=\"2c1334e8\" data-element_type=\"widget\" data-e-type=\"widget\" data-widget_type=\"icon-list.default\">\n\t\t\t\t<div class=\"elementor-widget-container\">\n\t\t\t\t\t\t\t<ul class=\"elementor-icon-list-items\">\n\t\t\t\t\t\t\t<li class=\"elementor-icon-list-item\">\n\t\t\t\t\t\t\t\t\t\t\t<span class=\"elementor-icon-list-icon\">\n\t\t\t\t\t\t\t<svg xmlns=\"http:\/\/www.w3.org\/2000\/svg\" width=\"16\" height=\"16\" viewBox=\"0 0 16 16\" fill=\"none\"><path d=\"M8.00004 1.33331C4.32004 1.33331 1.33337 4.31998 1.33337 7.99998C1.33337 11.68 4.32004 14.6666 8.00004 14.6666C11.68 14.6666 14.6667 11.68 14.6667 7.99998C14.6667 4.31998 11.68 1.33331 8.00004 1.33331ZM6.19337 10.86L3.80004 8.46665C3.54004 8.20665 3.54004 7.78665 3.80004 7.52665C4.06004 7.26665 4.48004 7.26665 4.74004 7.52665L6.66671 9.44665L11.2534 4.85998C11.5134 4.59998 11.9334 4.59998 12.1934 4.85998C12.4534 5.11998 12.4534 5.53998 12.1934 5.79998L7.13337 10.86C6.88004 11.12 6.45337 11.12 6.19337 10.86Z\" fill=\"#8849FF\"><\/path><\/svg>\t\t\t\t\t\t<\/span>\n\t\t\t\t\t\t\t\t\t\t<span class=\"elementor-icon-list-text\">R\u00e9action instantan\u00e9e aux changements de prix des concurrents afin d'obtenir plus souvent la Buy Box<\/span>\n\t\t\t\t\t\t\t\t\t<\/li>\n\t\t\t\t\t\t\t\t<li class=\"elementor-icon-list-item\">\n\t\t\t\t\t\t\t\t\t\t\t<span class=\"elementor-icon-list-icon\">\n\t\t\t\t\t\t\t<svg xmlns=\"http:\/\/www.w3.org\/2000\/svg\" width=\"16\" height=\"16\" viewBox=\"0 0 16 16\" fill=\"none\"><path d=\"M8.00004 1.33331C4.32004 1.33331 1.33337 4.31998 1.33337 7.99998C1.33337 11.68 4.32004 14.6666 8.00004 14.6666C11.68 14.6666 14.6667 11.68 14.6667 7.99998C14.6667 4.31998 11.68 1.33331 8.00004 1.33331ZM6.19337 10.86L3.80004 8.46665C3.54004 8.20665 3.54004 7.78665 3.80004 7.52665C4.06004 7.26665 4.48004 7.26665 4.74004 7.52665L6.66671 9.44665L11.2534 4.85998C11.5134 4.59998 11.9334 4.59998 12.1934 4.85998C12.4534 5.11998 12.4534 5.53998 12.1934 5.79998L7.13337 10.86C6.88004 11.12 6.45337 11.12 6.19337 10.86Z\" fill=\"#8849FF\"><\/path><\/svg>\t\t\t\t\t\t<\/span>\n\t\t\t\t\t\t\t\t\t\t<span class=\"elementor-icon-list-text\">Cibler plus efficacement les concurrents en ajustant intelligemment votre strat\u00e9gie en fonction de leur type d'ex\u00e9cution.<\/span>\n\t\t\t\t\t\t\t\t\t<\/li>\n\t\t\t\t\t\t\t\t<li class=\"elementor-icon-list-item\">\n\t\t\t\t\t\t\t\t\t\t\t<span class=\"elementor-icon-list-icon\">\n\t\t\t\t\t\t\t<svg xmlns=\"http:\/\/www.w3.org\/2000\/svg\" width=\"16\" height=\"16\" viewBox=\"0 0 16 16\" fill=\"none\"><path d=\"M8.00004 1.33331C4.32004 1.33331 1.33337 4.31998 1.33337 7.99998C1.33337 11.68 4.32004 14.6666 8.00004 14.6666C11.68 14.6666 14.6667 11.68 14.6667 7.99998C14.6667 4.31998 11.68 1.33331 8.00004 1.33331ZM6.19337 10.86L3.80004 8.46665C3.54004 8.20665 3.54004 7.78665 3.80004 7.52665C4.06004 7.26665 4.48004 7.26665 4.74004 7.52665L6.66671 9.44665L11.2534 4.85998C11.5134 4.59998 11.9334 4.59998 12.1934 4.85998C12.4534 5.11998 12.4534 5.53998 12.1934 5.79998L7.13337 10.86C6.88004 11.12 6.45337 11.12 6.19337 10.86Z\" fill=\"#8849FF\"><\/path><\/svg>\t\t\t\t\t\t<\/span>\n\t\t\t\t\t\t\t\t\t\t<span class=\"elementor-icon-list-text\">Calculer le prix le plus \u00e9lev\u00e9 que vous pouvez demander tout en gagnant la Buy Box.<\/span>\n\t\t\t\t\t\t\t\t\t<\/li>\n\t\t\t\t\t\t\t\t<li class=\"elementor-icon-list-item\">\n\t\t\t\t\t\t\t\t\t\t\t<span class=\"elementor-icon-list-icon\">\n\t\t\t\t\t\t\t<svg xmlns=\"http:\/\/www.w3.org\/2000\/svg\" width=\"16\" height=\"16\" viewBox=\"0 0 16 16\" fill=\"none\"><path d=\"M8.00004 1.33331C4.32004 1.33331 1.33337 4.31998 1.33337 7.99998C1.33337 11.68 4.32004 14.6666 8.00004 14.6666C11.68 14.6666 14.6667 11.68 14.6667 7.99998C14.6667 4.31998 11.68 1.33331 8.00004 1.33331ZM6.19337 10.86L3.80004 8.46665C3.54004 8.20665 3.54004 7.78665 3.80004 7.52665C4.06004 7.26665 4.48004 7.26665 4.74004 7.52665L6.66671 9.44665L11.2534 4.85998C11.5134 4.59998 11.9334 4.59998 12.1934 4.85998C12.4534 5.11998 12.4534 5.53998 12.1934 5.79998L7.13337 10.86C6.88004 11.12 6.45337 11.12 6.19337 10.86Z\" fill=\"#8849FF\"><\/path><\/svg>\t\t\t\t\t\t<\/span>\n\t\t\t\t\t\t\t\t\t\t<span class=\"elementor-icon-list-text\">Proposer des conseils concrets d'experts en repricing pour vous aider \u00e0 atteindre vos objectifs commerciaux.<\/span>\n\t\t\t\t\t\t\t\t\t<\/li>\n\t\t\t\t\t\t<\/ul>\n\t\t\t\t\t\t<\/div>\n\t\t\t\t<\/div>\n\t\t\t\t<div class=\"elementor-element elementor-element-2610a495 elementor-widget elementor-widget-spacer\" data-id=\"2610a495\" data-element_type=\"widget\" data-e-type=\"widget\" data-widget_type=\"spacer.default\">\n\t\t\t\t<div class=\"elementor-widget-container\">\n\t\t\t\t\t\t\t<div class=\"elementor-spacer\">\n\t\t\t<div class=\"elementor-spacer-inner\"><\/div>\n\t\t<\/div>\n\t\t\t\t\t\t<\/div>\n\t\t\t\t<\/div>\n\t\t\t\t<\/div>\n\t\t<div class=\"elementor-element elementor-element-1b675234 e-con-full e-flex e-con e-child\" data-id=\"1b675234\" data-element_type=\"container\" data-e-type=\"container\" data-settings=\"{&quot;background_background&quot;:&quot;classic&quot;}\">\n\t\t\t\t<div class=\"elementor-element elementor-element-3ca7abdf elementor-widget elementor-widget-image\" data-id=\"3ca7abdf\" data-element_type=\"widget\" data-e-type=\"widget\" data-widget_type=\"image.default\">\n\t\t\t\t<div class=\"elementor-widget-container\">\n\t\t\t\t\t\t\t\t\t\t\t\t\t\t\t<img decoding=\"async\" src=\"https:\/\/www.repricer.com\/wp-content\/uploads\/2024\/02\/eDeskteam-2.png\" title=\"\" alt=\"\" loading=\"lazy\" \/>\t\t\t\t\t\t\t\t\t\t\t\t\t\t\t<\/div>\n\t\t\t\t<\/div>\n\t\t\t\t<div class=\"elementor-element elementor-element-1535a955 elementor-widget-tablet__width-inherit elementor-widget elementor-widget-html\" data-id=\"1535a955\" data-element_type=\"widget\" data-e-type=\"widget\" data-widget_type=\"html.default\">\n\t\t\t\t<div class=\"elementor-widget-container\">\n\t\t\t\t\t<script charset=\"utf-8\" type=\"text\/javascript\" src=\"\/\/js.hsforms.net\/forms\/embed\/v2.js\"><\/script><script>hbspt.forms.create({\n    region: \"na1\",\n    portalId: \"4770908\",\n    formId: \"49933abe-d8a0-42e6-81bf-156744ca1ea6\"\n  });\n<\/script>\t\t\t\t<\/div>\n\t\t\t\t<\/div>\n\t\t\t\t<\/div>\n\t\t\t\t\t<\/div>\n\t\t\t\t<\/div>\n\t\t<div class=\"elementor-element elementor-element-2d3229a5 e-flex e-con-boxed e-con e-parent\" data-id=\"2d3229a5\" data-element_type=\"container\" data-e-type=\"container\" data-settings=\"{&quot;background_background&quot;:&quot;classic&quot;}\">\n\t\t\t\t\t<div class=\"e-con-inner\">\n\t\t<div class=\"elementor-element elementor-element-3146662c e-con-full e-flex e-con e-child\" data-id=\"3146662c\" data-element_type=\"container\" data-e-type=\"container\">\n\t\t\t\t<div class=\"elementor-element elementor-element-399eabc elementor-widget elementor-widget-spacer\" data-id=\"399eabc\" data-element_type=\"widget\" data-e-type=\"widget\" data-widget_type=\"spacer.default\">\n\t\t\t\t<div class=\"elementor-widget-container\">\n\t\t\t\t\t\t\t<div class=\"elementor-spacer\">\n\t\t\t<div class=\"elementor-spacer-inner\"><\/div>\n\t\t<\/div>\n\t\t\t\t\t\t<\/div>\n\t\t\t\t<\/div>\n\t\t\t\t<div class=\"elementor-element elementor-element-59347237 elementor-widget elementor-widget-heading\" data-id=\"59347237\" data-element_type=\"widget\" data-e-type=\"widget\" data-widget_type=\"heading.default\">\n\t\t\t\t<div class=\"elementor-widget-container\">\n\t\t\t\t\t<h2 class=\"elementor-heading-title elementor-size-default\">Soutenir des milliers de vendeurs sur Amazon<\/h2>\t\t\t\t<\/div>\n\t\t\t\t<\/div>\n\t\t\t\t<div class=\"elementor-element elementor-element-54730117 elementor-widget elementor-widget-heading\" data-id=\"54730117\" data-element_type=\"widget\" data-e-type=\"widget\" data-widget_type=\"heading.default\">\n\t\t\t\t<div class=\"elementor-widget-container\">\n\t\t\t\t\t<h2 class=\"elementor-heading-title elementor-size-default\">\"Si vous voulez \u00e9viter une course vers le bas tout en maintenant les ventes, cet outil vous permet de mettre en \u0153uvre \u00e0 peu pr\u00e8s toutes les strat\u00e9gies auxquelles vous pouvez penser.<\/h2>\t\t\t\t<\/div>\n\t\t\t\t<\/div>\n\t\t\t\t<div class=\"elementor-element elementor-element-6af487b elementor-widget elementor-widget-heading\" data-id=\"6af487b\" data-element_type=\"widget\" data-e-type=\"widget\" data-widget_type=\"heading.default\">\n\t\t\t\t<div class=\"elementor-widget-container\">\n\t\t\t\t\t<p class=\"elementor-heading-title elementor-size-default\"><b>Robin Burton<\/b>, vendeur Amazon<\/p>\t\t\t\t<\/div>\n\t\t\t\t<\/div>\n\t\t\t\t<div class=\"elementor-element elementor-element-5ba11273 elementor-widget elementor-widget-spacer\" data-id=\"5ba11273\" data-element_type=\"widget\" data-e-type=\"widget\" data-widget_type=\"spacer.default\">\n\t\t\t\t<div class=\"elementor-widget-container\">\n\t\t\t\t\t\t\t<div class=\"elementor-spacer\">\n\t\t\t<div class=\"elementor-spacer-inner\"><\/div>\n\t\t<\/div>\n\t\t\t\t\t\t<\/div>\n\t\t\t\t<\/div>\n\t\t\t\t<\/div>\n\t\t<div class=\"elementor-element elementor-element-6461fe6 e-con-full e-flex e-con e-child\" data-id=\"6461fe6\" data-element_type=\"container\" data-e-type=\"container\">\n\t\t\t\t<\/div>\n\t\t\t\t\t<\/div>\n\t\t\t\t<\/div>\n\t\t\t\t<\/div>\n\t\t","protected":false},"excerpt":{"rendered":"<p>R\u00e9servez une d\u00e9mo ! Parlez avec un expert en repricing au moment qui vous convient le mieux Obtenez une pr\u00e9sentation personnalis\u00e9e de RepricerExpress et voyez comment il peut vous aider \u00e0 augmenter vos ventes et vos profits sur Amazon : R\u00e9action instantan\u00e9e aux changements de prix des concurrents afin d&rsquo;obtenir plus souvent la Buy Box [&hellip;]<\/p>\n","protected":false},"author":4459,"featured_media":19805,"parent":0,"menu_order":0,"comment_status":"closed","ping_status":"closed","template":"","meta":{"footnotes":""},"class_list":["post-47431","page","type-page","status-publish","has-post-thumbnail","hentry"],"yoast_head":"<!-- This site is optimized with the Yoast SEO plugin v27.3 - https:\/\/yoast.com\/product\/yoast-seo-wordpress\/ -->\n<title>R\u00e9servez une d\u00e9monstration - Le Repreneur Amazon le plus rapide | Repricer.com<\/title>\n<meta name=\"description\" content=\"R\u00e9servez une d\u00e9monstration avec un expert en repricing pour augmenter vos ventes sur Amazon d\u00e8s aujourd&#039;hui !\" \/>\n<meta name=\"robots\" content=\"index, follow, max-snippet:-1, max-image-preview:large, max-video-preview:-1\" \/>\n<link rel=\"canonical\" href=\"https:\/\/www.repricerexpress.com\/fr\/reservez-une-demonstration-rep-export\/\" \/>\n<meta property=\"og:locale\" content=\"fr_FR\" \/>\n<meta property=\"og:type\" content=\"article\" \/>\n<meta property=\"og:title\" content=\"R\u00e9servez une d\u00e9monstration - Le Repreneur Amazon le plus rapide | Repricer.com\" \/>\n<meta property=\"og:description\" content=\"R\u00e9servez une d\u00e9monstration avec un expert en repricing pour augmenter vos ventes sur Amazon d\u00e8s aujourd&#039;hui !\" \/>\n<meta property=\"og:url\" content=\"https:\/\/www.repricerexpress.com\/fr\/reservez-une-demonstration-rep-export\/\" \/>\n<meta property=\"og:site_name\" content=\"RepricerExpress\" \/>\n<meta property=\"article:publisher\" content=\"https:\/\/www.facebook.com\/repricerexpress\" \/>\n<meta name=\"twitter:label1\" content=\"Dur\u00e9e de lecture estim\u00e9e\" \/>\n\t<meta name=\"twitter:data1\" content=\"1 minute\" \/>\n<script type=\"application\/ld+json\" class=\"yoast-schema-graph\">{\"@context\":\"https:\\\/\\\/schema.org\",\"@graph\":[{\"@type\":\"WebPage\",\"@id\":\"https:\\\/\\\/www.repricerexpress.com\\\/fr\\\/reservez-une-demonstration-rep-export\\\/\",\"url\":\"https:\\\/\\\/www.repricerexpress.com\\\/fr\\\/reservez-une-demonstration-rep-export\\\/\",\"name\":\"R\u00e9servez une d\u00e9monstration - Le Repreneur Amazon le plus rapide | Repricer.com\",\"isPartOf\":{\"@id\":\"https:\\\/\\\/www.repricerexpress.com\\\/fr\\\/#website\"},\"primaryImageOfPage\":{\"@id\":\"https:\\\/\\\/www.repricerexpress.com\\\/fr\\\/reservez-une-demonstration-rep-export\\\/#primaryimage\"},\"image\":{\"@id\":\"https:\\\/\\\/www.repricerexpress.com\\\/fr\\\/reservez-une-demonstration-rep-export\\\/#primaryimage\"},\"thumbnailUrl\":\"\",\"datePublished\":\"2025-09-19T15:24:41+00:00\",\"description\":\"R\u00e9servez une d\u00e9monstration avec un expert en repricing pour augmenter vos ventes sur Amazon d\u00e8s aujourd'hui !\",\"breadcrumb\":{\"@id\":\"https:\\\/\\\/www.repricerexpress.com\\\/fr\\\/reservez-une-demonstration-rep-export\\\/#breadcrumb\"},\"inLanguage\":\"fr-FR\",\"potentialAction\":[{\"@type\":\"ReadAction\",\"target\":[\"https:\\\/\\\/www.repricerexpress.com\\\/fr\\\/reservez-une-demonstration-rep-export\\\/\"]}]},{\"@type\":\"ImageObject\",\"inLanguage\":\"fr-FR\",\"@id\":\"https:\\\/\\\/www.repricerexpress.com\\\/fr\\\/reservez-une-demonstration-rep-export\\\/#primaryimage\",\"url\":\"\",\"contentUrl\":\"\"},{\"@type\":\"BreadcrumbList\",\"@id\":\"https:\\\/\\\/www.repricerexpress.com\\\/fr\\\/reservez-une-demonstration-rep-export\\\/#breadcrumb\",\"itemListElement\":[{\"@type\":\"ListItem\",\"position\":1,\"name\":\"Home\",\"item\":\"https:\\\/\\\/www.repricerexpress.com\\\/fr\\\/accueil\\\/\"},{\"@type\":\"ListItem\",\"position\":2,\"name\":\"R\u00e9servez une d\u00e9monstration &#8211; REP Export\"}]},{\"@type\":\"WebSite\",\"@id\":\"https:\\\/\\\/www.repricerexpress.com\\\/fr\\\/#website\",\"url\":\"https:\\\/\\\/www.repricerexpress.com\\\/fr\\\/\",\"name\":\"RepricerExpress\",\"description\":\"\",\"publisher\":{\"@id\":\"https:\\\/\\\/www.repricerexpress.com\\\/fr\\\/#organization\"},\"potentialAction\":[{\"@type\":\"SearchAction\",\"target\":{\"@type\":\"EntryPoint\",\"urlTemplate\":\"https:\\\/\\\/www.repricerexpress.com\\\/fr\\\/?s={search_term_string}\"},\"query-input\":{\"@type\":\"PropertyValueSpecification\",\"valueRequired\":true,\"valueName\":\"search_term_string\"}}],\"inLanguage\":\"fr-FR\"},{\"@type\":\"Organization\",\"@id\":\"https:\\\/\\\/www.repricerexpress.com\\\/fr\\\/#organization\",\"name\":\"RepricerExpress\",\"url\":\"https:\\\/\\\/www.repricerexpress.com\\\/fr\\\/\",\"logo\":{\"@type\":\"ImageObject\",\"inLanguage\":\"fr-FR\",\"@id\":\"https:\\\/\\\/www.repricerexpress.com\\\/fr\\\/#\\\/schema\\\/logo\\\/image\\\/\",\"url\":\"https:\\\/\\\/www.repricerexpress.com\\\/wp-content\\\/uploads\\\/2023\\\/11\\\/RepricerExpress-Logo.png\",\"contentUrl\":\"https:\\\/\\\/www.repricerexpress.com\\\/wp-content\\\/uploads\\\/2023\\\/11\\\/RepricerExpress-Logo.png\",\"width\":490,\"height\":83,\"caption\":\"RepricerExpress\"},\"image\":{\"@id\":\"https:\\\/\\\/www.repricerexpress.com\\\/fr\\\/#\\\/schema\\\/logo\\\/image\\\/\"},\"sameAs\":[\"https:\\\/\\\/www.facebook.com\\\/repricerexpress\",\"https:\\\/\\\/x.com\\\/repricerexpress\",\"https:\\\/\\\/www.instagram.com\\\/repricer.express\\\/\",\"https:\\\/\\\/www.linkedin.com\\\/company\\\/repricerexpress\"]}]}<\/script>\n<!-- \/ Yoast SEO plugin. -->","yoast_head_json":{"title":"R\u00e9servez une d\u00e9monstration - Le Repreneur Amazon le plus rapide | Repricer.com","description":"R\u00e9servez une d\u00e9monstration avec un expert en repricing pour augmenter vos ventes sur Amazon d\u00e8s aujourd'hui !","robots":{"index":"index","follow":"follow","max-snippet":"max-snippet:-1","max-image-preview":"max-image-preview:large","max-video-preview":"max-video-preview:-1"},"canonical":"https:\/\/www.repricerexpress.com\/fr\/reservez-une-demonstration-rep-export\/","og_locale":"fr_FR","og_type":"article","og_title":"R\u00e9servez une d\u00e9monstration - Le Repreneur Amazon le plus rapide | Repricer.com","og_description":"R\u00e9servez une d\u00e9monstration avec un expert en repricing pour augmenter vos ventes sur Amazon d\u00e8s aujourd'hui !","og_url":"https:\/\/www.repricerexpress.com\/fr\/reservez-une-demonstration-rep-export\/","og_site_name":"RepricerExpress","article_publisher":"https:\/\/www.facebook.com\/repricerexpress","twitter_misc":{"Dur\u00e9e de lecture estim\u00e9e":"1 minute"},"schema":{"@context":"https:\/\/schema.org","@graph":[{"@type":"WebPage","@id":"https:\/\/www.repricerexpress.com\/fr\/reservez-une-demonstration-rep-export\/","url":"https:\/\/www.repricerexpress.com\/fr\/reservez-une-demonstration-rep-export\/","name":"R\u00e9servez une d\u00e9monstration - Le Repreneur Amazon le plus rapide | Repricer.com","isPartOf":{"@id":"https:\/\/www.repricerexpress.com\/fr\/#website"},"primaryImageOfPage":{"@id":"https:\/\/www.repricerexpress.com\/fr\/reservez-une-demonstration-rep-export\/#primaryimage"},"image":{"@id":"https:\/\/www.repricerexpress.com\/fr\/reservez-une-demonstration-rep-export\/#primaryimage"},"thumbnailUrl":"","datePublished":"2025-09-19T15:24:41+00:00","description":"R\u00e9servez une d\u00e9monstration avec un expert en repricing pour augmenter vos ventes sur Amazon d\u00e8s aujourd'hui !","breadcrumb":{"@id":"https:\/\/www.repricerexpress.com\/fr\/reservez-une-demonstration-rep-export\/#breadcrumb"},"inLanguage":"fr-FR","potentialAction":[{"@type":"ReadAction","target":["https:\/\/www.repricerexpress.com\/fr\/reservez-une-demonstration-rep-export\/"]}]},{"@type":"ImageObject","inLanguage":"fr-FR","@id":"https:\/\/www.repricerexpress.com\/fr\/reservez-une-demonstration-rep-export\/#primaryimage","url":"","contentUrl":""},{"@type":"BreadcrumbList","@id":"https:\/\/www.repricerexpress.com\/fr\/reservez-une-demonstration-rep-export\/#breadcrumb","itemListElement":[{"@type":"ListItem","position":1,"name":"Home","item":"https:\/\/www.repricerexpress.com\/fr\/accueil\/"},{"@type":"ListItem","position":2,"name":"R\u00e9servez une d\u00e9monstration &#8211; REP Export"}]},{"@type":"WebSite","@id":"https:\/\/www.repricerexpress.com\/fr\/#website","url":"https:\/\/www.repricerexpress.com\/fr\/","name":"RepricerExpress","description":"","publisher":{"@id":"https:\/\/www.repricerexpress.com\/fr\/#organization"},"potentialAction":[{"@type":"SearchAction","target":{"@type":"EntryPoint","urlTemplate":"https:\/\/www.repricerexpress.com\/fr\/?s={search_term_string}"},"query-input":{"@type":"PropertyValueSpecification","valueRequired":true,"valueName":"search_term_string"}}],"inLanguage":"fr-FR"},{"@type":"Organization","@id":"https:\/\/www.repricerexpress.com\/fr\/#organization","name":"RepricerExpress","url":"https:\/\/www.repricerexpress.com\/fr\/","logo":{"@type":"ImageObject","inLanguage":"fr-FR","@id":"https:\/\/www.repricerexpress.com\/fr\/#\/schema\/logo\/image\/","url":"https:\/\/www.repricerexpress.com\/wp-content\/uploads\/2023\/11\/RepricerExpress-Logo.png","contentUrl":"https:\/\/www.repricerexpress.com\/wp-content\/uploads\/2023\/11\/RepricerExpress-Logo.png","width":490,"height":83,"caption":"RepricerExpress"},"image":{"@id":"https:\/\/www.repricerexpress.com\/fr\/#\/schema\/logo\/image\/"},"sameAs":["https:\/\/www.facebook.com\/repricerexpress","https:\/\/x.com\/repricerexpress","https:\/\/www.instagram.com\/repricer.express\/","https:\/\/www.linkedin.com\/company\/repricerexpress"]}]}},"_links":{"self":[{"href":"https:\/\/www.repricerexpress.com\/fr\/wp-json\/wp\/v2\/pages\/47431","targetHints":{"allow":["GET"]}}],"collection":[{"href":"https:\/\/www.repricerexpress.com\/fr\/wp-json\/wp\/v2\/pages"}],"about":[{"href":"https:\/\/www.repricerexpress.com\/fr\/wp-json\/wp\/v2\/types\/page"}],"author":[{"embeddable":true,"href":"https:\/\/www.repricerexpress.com\/fr\/wp-json\/wp\/v2\/users\/4459"}],"replies":[{"embeddable":true,"href":"https:\/\/www.repricerexpress.com\/fr\/wp-json\/wp\/v2\/comments?post=47431"}],"version-history":[{"count":1,"href":"https:\/\/www.repricerexpress.com\/fr\/wp-json\/wp\/v2\/pages\/47431\/revisions"}],"predecessor-version":[{"id":47432,"href":"https:\/\/www.repricerexpress.com\/fr\/wp-json\/wp\/v2\/pages\/47431\/revisions\/47432"}],"wp:featuredmedia":[{"embeddable":true,"href":"https:\/\/www.repricerexpress.com\/fr\/wp-json\/wp\/v2\/posts\/19805"}],"wp:attachment":[{"href":"https:\/\/www.repricerexpress.com\/fr\/wp-json\/wp\/v2\/media?parent=47431"}],"curies":[{"name":"wp","href":"https:\/\/api.w.org\/{rel}","templated":true}]}}