{"id":23470,"date":"2025-08-13T17:01:44","date_gmt":"2025-08-13T16:01:44","guid":{"rendered":"https:\/\/www.repricerexpress.com\/dichiarazione-di-accessibilita\/"},"modified":"2025-08-19T15:17:46","modified_gmt":"2025-08-19T14:17:46","slug":"dichiarazione-di-accessibilita","status":"publish","type":"page","link":"https:\/\/www.repricerexpress.com\/it\/dichiarazione-di-accessibilita\/","title":{"rendered":"Dichiarazione di accessibilit\u00e0"},"content":{"rendered":"\n<p><a href=\"https:\/\/www.repricerexpress.com\/it\/\">Repricerexpress.com<\/a> si impegna a garantire l&#8217;accessibilit\u00e0 digitale a tutti gli utenti, comprese le persone con disabilit\u00e0. Miglioriamo continuamente l&#8217;esperienza d&#8217;uso per tutti e applichiamo gli standard di accessibilit\u00e0 pertinenti. <\/p>\n\n<h2 class=\"wp-block-heading\">Misure a sostegno dell&#8217;accessibilit\u00e0<\/h2>\n\n<p>Adottiamo le seguenti misure per garantire l&#8217;accessibilit\u00e0 di<a href=\"https:\/\/www.repricerexpress.com\/it\/\"> Repricerexpress.com<\/a>:  <\/p>\n\n<ul class=\"wp-block-list\">\n<li>Includere l&#8217;accessibilit\u00e0 come parte della nostra missione e delle nostre pratiche di sviluppo.<\/li>\n\n\n\n<li>Usa un HTML semantico e una struttura di titoli adeguata<\/li>\n\n\n\n<li>Ottimizzare la navigazione del sito per gli utenti della tastiera<\/li>\n\n\n\n<li>Conduci regolarmente audit e test di accessibilit\u00e0<\/li>\n\n\n\n<li>Fornisci alternative testuali per tutti i contenuti non testuali.<\/li>\n<\/ul>\n\n<h2 class=\"wp-block-heading\">Stato di conformit\u00e0<\/h2>\n\n<p>Il nostro obiettivo \u00e8 quello di conformarci alle<strong> Linee Guida per l&#8217;Accessibilit\u00e0 dei Contenuti Web (WCAG) 2.1 Livello AA<\/strong>. Stiamo lavorando attivamente per soddisfare questi standard in tutte le pagine e le funzionalit\u00e0 del sito. <\/p>\n\n<h2 class=\"wp-block-heading\">Test e strumenti<\/h2>\n\n<p>Utilizziamo regolarmente strumenti come:<\/p>\n\n<ul class=\"wp-block-list\">\n<li>Rapporto sull&#8217;accessibilit\u00e0 del faro<\/li>\n\n\n\n<li>Controllo dell&#8217;accessibilit\u00e0 di Axe<\/li>\n\n\n\n<li>Lettori di schermo come NVDA e VoiceOver per identificare e risolvere i problemi di accessibilit\u00e0.<\/li>\n<\/ul>\n\n<h2 class=\"wp-block-heading\">Feedback<\/h2>\n\n<p>Siamo lieti di ricevere il tuo feedback sull&#8217;accessibilit\u00e0 di <a href=\"https:\/\/www.repricerexpress.com\/it\/\">Repricerexpress.com<\/a>. Se riscontri delle barriere, ti preghiamo di farcelo sapere: <\/p>\n\n<p>Email: <a href=\"mailto:support@repricer.com\">support@repricer.com<\/a><\/p>\n\n<p>Telefono:<a href=\"tel:+35316856340\"> +353 1 685 6340<\/a><\/p>\n\n<p>Ci proponiamo di rispondere ai feedback sull&#8217;accessibilit\u00e0 entro 2-3 giorni lavorativi.<\/p>\n\n<h3 class=\"wp-block-heading\">Dichiarazione aggiornata<\/h3>\n\n<p>Questa dichiarazione di accessibilit\u00e0 \u00e8 stata aggiornata il: 21 luglio 2025<\/p>\n","protected":false},"excerpt":{"rendered":"<p>Repricerexpress.com si impegna a garantire l&#8217;accessibilit\u00e0 digitale a tutti gli utenti, comprese le persone con disabilit\u00e0. Miglioriamo continuamente l&#8217;esperienza d&#8217;uso per tutti e applichiamo gli standard di accessibilit\u00e0 pertinenti. Misure a sostegno dell&#8217;accessibilit\u00e0 Adottiamo le seguenti misure per garantire l&#8217;accessibilit\u00e0 di Repricerexpress.com: Stato di conformit\u00e0 Il nostro obiettivo \u00e8 quello di conformarci alle Linee Guida [&hellip;]<\/p>\n","protected":false},"author":4475,"featured_media":0,"parent":0,"menu_order":0,"comment_status":"closed","ping_status":"closed","template":"","meta":{"footnotes":""},"class_list":["post-23470","page","type-page","status-publish","hentry"],"yoast_head":"<!-- This site is optimized with the Yoast SEO plugin v27.3 - https:\/\/yoast.com\/product\/yoast-seo-wordpress\/ -->\n<title>Dichiarazione di accessibilit\u00e0 - RepricerExpress<\/title>\n<meta name=\"description\" content=\"RepricerExpress si impegna a garantire l&#039;accessibilit\u00e0 digitale a tutti. Leggi la nostra dichiarazione di accessibilit\u00e0 per saperne di pi\u00f9.\" \/>\n<meta name=\"robots\" content=\"index, follow, max-snippet:-1, max-image-preview:large, max-video-preview:-1\" \/>\n<link rel=\"canonical\" href=\"https:\/\/www.repricerexpress.com\/it\/dichiarazione-di-accessibilita\/\" \/>\n<meta property=\"og:locale\" content=\"it_IT\" \/>\n<meta property=\"og:type\" content=\"article\" \/>\n<meta property=\"og:title\" content=\"Dichiarazione di accessibilit\u00e0 - RepricerExpress\" \/>\n<meta property=\"og:description\" content=\"RepricerExpress si impegna a garantire l&#039;accessibilit\u00e0 digitale a tutti. Leggi la nostra dichiarazione di accessibilit\u00e0 per saperne di pi\u00f9.\" \/>\n<meta property=\"og:url\" content=\"https:\/\/www.repricerexpress.com\/it\/dichiarazione-di-accessibilita\/\" \/>\n<meta property=\"og:site_name\" content=\"RepricerExpress\" \/>\n<meta property=\"article:publisher\" content=\"https:\/\/www.facebook.com\/repricerexpress\" \/>\n<meta property=\"article:modified_time\" content=\"2025-08-19T14:17:46+00:00\" \/>\n<meta name=\"twitter:label1\" content=\"Tempo di lettura stimato\" \/>\n\t<meta name=\"twitter:data1\" content=\"1 minuto\" \/>\n<script type=\"application\/ld+json\" class=\"yoast-schema-graph\">{\"@context\":\"https:\\\/\\\/schema.org\",\"@graph\":[{\"@type\":\"WebPage\",\"@id\":\"https:\\\/\\\/www.repricerexpress.com\\\/it\\\/dichiarazione-di-accessibilita\\\/\",\"url\":\"https:\\\/\\\/www.repricerexpress.com\\\/it\\\/dichiarazione-di-accessibilita\\\/\",\"name\":\"Dichiarazione di accessibilit\u00e0 - RepricerExpress\",\"isPartOf\":{\"@id\":\"https:\\\/\\\/www.repricerexpress.com\\\/it\\\/#website\"},\"datePublished\":\"2025-08-13T16:01:44+00:00\",\"dateModified\":\"2025-08-19T14:17:46+00:00\",\"description\":\"RepricerExpress si impegna a garantire l'accessibilit\u00e0 digitale a tutti. Leggi la nostra dichiarazione di accessibilit\u00e0 per saperne di pi\u00f9.\",\"breadcrumb\":{\"@id\":\"https:\\\/\\\/www.repricerexpress.com\\\/it\\\/dichiarazione-di-accessibilita\\\/#breadcrumb\"},\"inLanguage\":\"it-IT\",\"potentialAction\":[{\"@type\":\"ReadAction\",\"target\":[\"https:\\\/\\\/www.repricerexpress.com\\\/it\\\/dichiarazione-di-accessibilita\\\/\"]}]},{\"@type\":\"BreadcrumbList\",\"@id\":\"https:\\\/\\\/www.repricerexpress.com\\\/it\\\/dichiarazione-di-accessibilita\\\/#breadcrumb\",\"itemListElement\":[{\"@type\":\"ListItem\",\"position\":1,\"name\":\"Home\",\"item\":\"https:\\\/\\\/www.repricerexpress.com\\\/it\\\/casa\\\/\"},{\"@type\":\"ListItem\",\"position\":2,\"name\":\"Dichiarazione di accessibilit\u00e0\"}]},{\"@type\":\"WebSite\",\"@id\":\"https:\\\/\\\/www.repricerexpress.com\\\/it\\\/#website\",\"url\":\"https:\\\/\\\/www.repricerexpress.com\\\/it\\\/\",\"name\":\"RepricerExpress\",\"description\":\"\",\"publisher\":{\"@id\":\"https:\\\/\\\/www.repricerexpress.com\\\/it\\\/#organization\"},\"potentialAction\":[{\"@type\":\"SearchAction\",\"target\":{\"@type\":\"EntryPoint\",\"urlTemplate\":\"https:\\\/\\\/www.repricerexpress.com\\\/it\\\/?s={search_term_string}\"},\"query-input\":{\"@type\":\"PropertyValueSpecification\",\"valueRequired\":true,\"valueName\":\"search_term_string\"}}],\"inLanguage\":\"it-IT\"},{\"@type\":\"Organization\",\"@id\":\"https:\\\/\\\/www.repricerexpress.com\\\/it\\\/#organization\",\"name\":\"RepricerExpress\",\"url\":\"https:\\\/\\\/www.repricerexpress.com\\\/it\\\/\",\"logo\":{\"@type\":\"ImageObject\",\"inLanguage\":\"it-IT\",\"@id\":\"https:\\\/\\\/www.repricerexpress.com\\\/it\\\/#\\\/schema\\\/logo\\\/image\\\/\",\"url\":\"https:\\\/\\\/www.repricerexpress.com\\\/wp-content\\\/uploads\\\/2023\\\/11\\\/RepricerExpress-Logo.png\",\"contentUrl\":\"https:\\\/\\\/www.repricerexpress.com\\\/wp-content\\\/uploads\\\/2023\\\/11\\\/RepricerExpress-Logo.png\",\"width\":490,\"height\":83,\"caption\":\"RepricerExpress\"},\"image\":{\"@id\":\"https:\\\/\\\/www.repricerexpress.com\\\/it\\\/#\\\/schema\\\/logo\\\/image\\\/\"},\"sameAs\":[\"https:\\\/\\\/www.facebook.com\\\/repricerexpress\",\"https:\\\/\\\/x.com\\\/repricerexpress\",\"https:\\\/\\\/www.instagram.com\\\/repricer.express\\\/\",\"https:\\\/\\\/www.linkedin.com\\\/company\\\/repricerexpress\"]}]}<\/script>\n<!-- \/ Yoast SEO plugin. -->","yoast_head_json":{"title":"Dichiarazione di accessibilit\u00e0 - RepricerExpress","description":"RepricerExpress si impegna a garantire l'accessibilit\u00e0 digitale a tutti. Leggi la nostra dichiarazione di accessibilit\u00e0 per saperne di pi\u00f9.","robots":{"index":"index","follow":"follow","max-snippet":"max-snippet:-1","max-image-preview":"max-image-preview:large","max-video-preview":"max-video-preview:-1"},"canonical":"https:\/\/www.repricerexpress.com\/it\/dichiarazione-di-accessibilita\/","og_locale":"it_IT","og_type":"article","og_title":"Dichiarazione di accessibilit\u00e0 - RepricerExpress","og_description":"RepricerExpress si impegna a garantire l'accessibilit\u00e0 digitale a tutti. Leggi la nostra dichiarazione di accessibilit\u00e0 per saperne di pi\u00f9.","og_url":"https:\/\/www.repricerexpress.com\/it\/dichiarazione-di-accessibilita\/","og_site_name":"RepricerExpress","article_publisher":"https:\/\/www.facebook.com\/repricerexpress","article_modified_time":"2025-08-19T14:17:46+00:00","twitter_misc":{"Tempo di lettura stimato":"1 minuto"},"schema":{"@context":"https:\/\/schema.org","@graph":[{"@type":"WebPage","@id":"https:\/\/www.repricerexpress.com\/it\/dichiarazione-di-accessibilita\/","url":"https:\/\/www.repricerexpress.com\/it\/dichiarazione-di-accessibilita\/","name":"Dichiarazione di accessibilit\u00e0 - RepricerExpress","isPartOf":{"@id":"https:\/\/www.repricerexpress.com\/it\/#website"},"datePublished":"2025-08-13T16:01:44+00:00","dateModified":"2025-08-19T14:17:46+00:00","description":"RepricerExpress si impegna a garantire l'accessibilit\u00e0 digitale a tutti. Leggi la nostra dichiarazione di accessibilit\u00e0 per saperne di pi\u00f9.","breadcrumb":{"@id":"https:\/\/www.repricerexpress.com\/it\/dichiarazione-di-accessibilita\/#breadcrumb"},"inLanguage":"it-IT","potentialAction":[{"@type":"ReadAction","target":["https:\/\/www.repricerexpress.com\/it\/dichiarazione-di-accessibilita\/"]}]},{"@type":"BreadcrumbList","@id":"https:\/\/www.repricerexpress.com\/it\/dichiarazione-di-accessibilita\/#breadcrumb","itemListElement":[{"@type":"ListItem","position":1,"name":"Home","item":"https:\/\/www.repricerexpress.com\/it\/casa\/"},{"@type":"ListItem","position":2,"name":"Dichiarazione di accessibilit\u00e0"}]},{"@type":"WebSite","@id":"https:\/\/www.repricerexpress.com\/it\/#website","url":"https:\/\/www.repricerexpress.com\/it\/","name":"RepricerExpress","description":"","publisher":{"@id":"https:\/\/www.repricerexpress.com\/it\/#organization"},"potentialAction":[{"@type":"SearchAction","target":{"@type":"EntryPoint","urlTemplate":"https:\/\/www.repricerexpress.com\/it\/?s={search_term_string}"},"query-input":{"@type":"PropertyValueSpecification","valueRequired":true,"valueName":"search_term_string"}}],"inLanguage":"it-IT"},{"@type":"Organization","@id":"https:\/\/www.repricerexpress.com\/it\/#organization","name":"RepricerExpress","url":"https:\/\/www.repricerexpress.com\/it\/","logo":{"@type":"ImageObject","inLanguage":"it-IT","@id":"https:\/\/www.repricerexpress.com\/it\/#\/schema\/logo\/image\/","url":"https:\/\/www.repricerexpress.com\/wp-content\/uploads\/2023\/11\/RepricerExpress-Logo.png","contentUrl":"https:\/\/www.repricerexpress.com\/wp-content\/uploads\/2023\/11\/RepricerExpress-Logo.png","width":490,"height":83,"caption":"RepricerExpress"},"image":{"@id":"https:\/\/www.repricerexpress.com\/it\/#\/schema\/logo\/image\/"},"sameAs":["https:\/\/www.facebook.com\/repricerexpress","https:\/\/x.com\/repricerexpress","https:\/\/www.instagram.com\/repricer.express\/","https:\/\/www.linkedin.com\/company\/repricerexpress"]}]}},"_links":{"self":[{"href":"https:\/\/www.repricerexpress.com\/it\/wp-json\/wp\/v2\/pages\/23470","targetHints":{"allow":["GET"]}}],"collection":[{"href":"https:\/\/www.repricerexpress.com\/it\/wp-json\/wp\/v2\/pages"}],"about":[{"href":"https:\/\/www.repricerexpress.com\/it\/wp-json\/wp\/v2\/types\/page"}],"author":[{"embeddable":true,"href":"https:\/\/www.repricerexpress.com\/it\/wp-json\/wp\/v2\/users\/4475"}],"replies":[{"embeddable":true,"href":"https:\/\/www.repricerexpress.com\/it\/wp-json\/wp\/v2\/comments?post=23470"}],"version-history":[{"count":1,"href":"https:\/\/www.repricerexpress.com\/it\/wp-json\/wp\/v2\/pages\/23470\/revisions"}],"predecessor-version":[{"id":23471,"href":"https:\/\/www.repricerexpress.com\/it\/wp-json\/wp\/v2\/pages\/23470\/revisions\/23471"}],"wp:attachment":[{"href":"https:\/\/www.repricerexpress.com\/it\/wp-json\/wp\/v2\/media?parent=23470"}],"curies":[{"name":"wp","href":"https:\/\/api.w.org\/{rel}","templated":true}]}}